{"id":6880,"date":"2016-08-29T07:38:57","date_gmt":"2016-08-29T07:38:57","guid":{"rendered":"http:\/\/www.manos-travel.com\/ferries\/"},"modified":"2017-06-15T19:22:44","modified_gmt":"2017-06-15T19:22:44","slug":"feribotlar","status":"publish","type":"page","link":"https:\/\/www.quantum-travel.com.gr\/tr\/feribotlar\/","title":{"rendered":"Feribotlar"},"content":{"rendered":"<section class=\"l-section wpb_row height_medium color_custom\" style=\"background-color: #f6f6f6;\"><div class=\"l-section-h i-cf\"><div class=\"g-cols offset_small\"><div class=\"vc_col-sm-12 wpb_column vc_column_container\"><div class=\"vc_column-inner\">[vc_custom_heading text=&#8221;KUSADASIN\u2019DAN SAMOS\u2019A &amp; SAMOS\u2019TAN KUSADASI\u2019NA FERIBOT&#8221; font_container=&#8221;tag:h2|text_align:center|color:%23de0202&#8243; use_theme_fonts=&#8221;yes&#8221;]<div class=\"w-separator type_short size_medium thick_2 style_solid color_primary cont_none\"><span class=\"w-separator-h\"><\/span><\/div><div class=\"g-cols wpb_row offset_small vc_inner \"><div class=\"vc_col-sm-6 wpb_column vc_column_container\"><div class=\"vc_column-inner\"><div class=\"wpb_text_column \"><div class=\"wpb_wrapper\">\n<p style=\"text-align: center;\"><strong>KUSADASI \/ SAMOS DUZENLI SEFERLER<\/strong><\/p>\n<p style=\"text-align: center;\" align=\"center\"><strong><span class=\"regularbold\">1 Nisan \u2013 31 Ekim tarihleri<br \/>\n2017<\/span><\/strong><\/p>\n<p style=\"text-align: center;\"><strong>Pazar \u2013 Pazartesi \u2013 Sali \u2013 Persembe \u2013 Cumartesi<\/strong><br \/>\nKUSADASI \u2013 SAMOS (Vathy Port) : 09:00 \u2013 10:00<\/p>\n<p style=\"text-align: center;\"><strong>Carsamba \u2013 Cuma<\/strong><br \/>\nKUSADASI \u2013 SAMOS (Pythagorion Port) : 09:00 \u2013 10:00<\/p>\n<\/div> <\/div> <div class=\"wpb_text_column \"><div class=\"wpb_wrapper\">\n<table style=\"width: 100%; background-color: #fff;\">\n<caption style=\"background-color: #fff;\"><strong>BILET FIYATLARI<\/strong><\/caption>\n<tbody>\n<tr>\n<th style=\"text-align: center;\">GUZERGAH<\/th>\n<th style=\"text-align: center;\">FIYATLAR<\/th>\n<\/tr>\n<tr>\n<td style=\"text-align: center;\">Tek yon<\/td>\n<td style=\"text-align: center;\">Kisi basi 25 Euro + 10 Euro Liman Hizmet Bedeli<\/td>\n<\/tr>\n<tr>\n<td style=\"text-align: center;\">Ayni gun donus<\/td>\n<td style=\"text-align: center;\">Kisi basi 30 Euro + 10 Euro Liman Hizmet Bedeli<\/td>\n<\/tr>\n<tr>\n<td style=\"text-align: center;\">Acik donus<\/td>\n<td style=\"text-align: center;\">Kisi basi 35 Euro + 20 Euro Liman Hizmet Bedeli<\/td>\n<\/tr>\n<\/tbody>\n<\/table>\n<\/div> <\/div> [vc_empty_space height=&#8221;15px&#8221;]<div class=\"wpb_text_column \"><div class=\"wpb_wrapper\">\n<blockquote>\n<p style=\"text-align: justify;\">Bilet, yak\u0131t \u00fccreti, sigorta, servis \u00fccreti, liman giri\u015f \u00fccreti ve vergi yukar\u0131daki fiyatlara dahildir.<br \/>\n0-5 ya\u015f aras\u0131ndaki \u00e7ocuklar \u00fccretsiz olup 6-12 ya\u015flar\u0131% 50 indirim almaktad\u0131r.<\/p>\n<\/blockquote>\n<\/div> <\/div> [vc_empty_space height=&#8221;10px&#8221;]<\/div><\/div><div class=\"vc_col-sm-6 wpb_column vc_column_container\"><div class=\"vc_column-inner\"><div class=\"wpb_text_column \"><div class=\"wpb_wrapper\">\n<p style=\"text-align: center;\"><strong>SAMOS \/ KUSADASI DUZENLI SEFERLER<\/strong><\/p>\n<p style=\"text-align: center;\" align=\"center\"><strong>1 Nisan \u2013 31 Ekim tarihleri<br \/>\n2017<\/strong><\/p>\n<p style=\"text-align: center;\"><strong>Pazar \u2013 Pazartesi \u2013 Sali \u2013 Persembe \u2013 Cumartesi<\/strong><br \/>\nSAMOS (Vathy Port) &#8211; KUSADASI \u00a0: 17:00 \u2013 18:00<\/p>\n<p style=\"text-align: center;\"><strong>Carsamba \u2013 Cuma<\/strong><br \/>\nSAMOS (Pythagorion Port) &#8211; KUSADASI \u00a0: 17:00 \u2013 18:00<\/p>\n<\/div> <\/div> <div class=\"wpb_text_column \"><div class=\"wpb_wrapper\">\n<table style=\"width: 100%; background-color: #fff;\">\n<caption style=\"background-color: #fff;\"><strong>BILET FIYATLARI<\/strong><\/caption>\n<tbody>\n<tr>\n<th style=\"text-align: center;\">GUZERGAH<\/th>\n<th style=\"text-align: center;\">FIYATLAR<\/th>\n<\/tr>\n<tr>\n<td style=\"text-align: center;\">Tek yon<\/td>\n<td style=\"text-align: center;\">Kisi basi 30 Euro + 10 Euro Liman Hizmet Bedeli<\/td>\n<\/tr>\n<tr>\n<td style=\"text-align: center;\">Acik donus<\/td>\n<td style=\"text-align: center;\">Kisi basi 40 Euro + 20 Euro Liman Hizmet Bedeli<\/td>\n<\/tr>\n<\/tbody>\n<\/table>\n<\/div> <\/div> [vc_empty_space height=&#8221;15px&#8221;]<div class=\"wpb_text_column \"><div class=\"wpb_wrapper\">\n<blockquote>\n<p style=\"text-align: justify;\">Bilet, yak\u0131t \u00fccreti, sigorta, servis \u00fccreti, liman giri\u015f \u00fccreti ve vergi yukar\u0131daki fiyatlara dahildir.<br \/>\n0-5 ya\u015f aras\u0131ndaki \u00e7ocuklar \u00fccretsiz olup 6-12 ya\u015flar\u0131% 50 indirim almaktad\u0131r.<\/p>\n<\/blockquote>\n<\/div> <\/div> [vc_empty_space height=&#8221;10px&#8221;]<\/div><\/div><\/div><div class=\"w-separator type_default size_small thick_3 style_solid color_border cont_none\"><span class=\"w-separator-h\"><\/span><\/div><div class=\"g-cols wpb_row offset_small vc_inner \"><div class=\"vc_col-sm-12 wpb_column vc_column_container\"><div class=\"vc_column-inner\"><div class=\"wpb_text_column \"><div class=\"wpb_wrapper\">\n<table width=\"612\">\n<tbody>\n<tr>\n<td style=\"text-align: center;\" colspan=\"3\" width=\"612\"><strong>KUSADASI \/ SAMOS FERRY SCHEDULES<\/strong><\/td>\n<\/tr>\n<tr>\n<td style=\"text-align: center;\" colspan=\"3\" width=\"612\"><strong>HOLIDAY SCHEDULES 9-18 September 2016<\/strong><\/td>\n<\/tr>\n<tr>\n<td rowspan=\"2\" width=\"231\">09 September &#8211; Friday<\/td>\n<td width=\"197\">KUS\/PYTHAGORION \u00a0 09:00<\/td>\n<td width=\"184\">PYTHAGORION\/KUS \u00a0 20:00<\/td>\n<\/tr>\n<tr>\n<td width=\"197\">KUS\/SAM (VATHY) \u00a0 \u00a0 \u00a0 09:00<\/td>\n<td width=\"184\">SAM (VATHY)\/KUS \u00a0 \u00a0 \u00a0 17:00<\/td>\n<\/tr>\n<tr>\n<td rowspan=\"2\" width=\"231\">10 September &#8211; Saturday<\/td>\n<td width=\"197\">KUS\/PYTHAGORION \u00a0 09:00<\/td>\n<td width=\"184\">PYTHAGORION\/KUS \u00a0 20:00<\/td>\n<\/tr>\n<tr>\n<td width=\"197\">KUS\/SAM (VATHY) \u00a0 \u00a0 \u00a0 09:00<\/td>\n<td width=\"184\">SAM (VATHY)\/KUS \u00a0 \u00a0 \u00a0 17:00<\/td>\n<\/tr>\n<tr>\n<td rowspan=\"2\" width=\"231\">11 September &#8211; Sunday<\/td>\n<td width=\"197\">KUS\/PYTHAGORION \u00a0 09:00<\/td>\n<td width=\"184\">PYTHAGORION\/KUS \u00a0 20:00<\/td>\n<\/tr>\n<tr>\n<td width=\"197\">KUS\/SAM (VATHY) \u00a0 \u00a0 \u00a0 09:00<\/td>\n<td width=\"184\">SAM (VATHY)\/KUS \u00a0 \u00a0 \u00a0 17:00<\/td>\n<\/tr>\n<tr>\n<td rowspan=\"2\" width=\"231\">12 September &#8211; Monday<\/td>\n<td width=\"197\">KUS\/PYTHAGORION \u00a0 09:00<\/td>\n<td width=\"184\">PYTHAGORION\/KUS \u00a0 20:00<\/td>\n<\/tr>\n<tr>\n<td width=\"197\">KUS\/SAM (VATHY) \u00a0 \u00a0 \u00a0 09:00<\/td>\n<td width=\"184\">SAM (VATHY)\/KUS \u00a0 \u00a0 \u00a0 17:00<\/td>\n<\/tr>\n<tr>\n<td rowspan=\"2\" width=\"231\">13 September &#8211; Tuesday<\/td>\n<td width=\"197\">KUS\/PYTHAGORION \u00a0 09:00<\/td>\n<td width=\"184\">PYTHAGORION\/KUS \u00a0 20:00<\/td>\n<\/tr>\n<tr>\n<td width=\"197\">KUS\/SAM (VATHY) \u00a0 \u00a0 \u00a0 09:00<\/td>\n<td width=\"184\">SAM (VATHY)\/KUS \u00a0 \u00a0 \u00a0 17:00<\/td>\n<\/tr>\n<tr>\n<td rowspan=\"2\" width=\"231\">14 September &#8211; Wednesday<\/td>\n<td width=\"197\">KUS\/PYTHAGORION \u00a0 09:00<\/td>\n<td width=\"184\">PYTHAGORION\/KUS \u00a0 20:00<\/td>\n<\/tr>\n<tr>\n<td width=\"197\">KUS\/SAM (VATHY) \u00a0 \u00a0 \u00a0 09:00<\/td>\n<td width=\"184\">SAM (VATHY)\/KUS \u00a0 \u00a0 \u00a0 17:00<\/td>\n<\/tr>\n<tr>\n<td rowspan=\"2\" width=\"231\">15 September &#8211; Thursday<\/td>\n<td width=\"197\">KUS\/PYTHAGORION \u00a0 09:00<\/td>\n<td width=\"184\">PYTHAGORION\/KUS \u00a0 20:00<\/td>\n<\/tr>\n<tr>\n<td width=\"197\">KUS\/SAM (VATHY) \u00a0 \u00a0 \u00a0 09:00<\/td>\n<td width=\"184\">SAM (VATHY)\/KUS \u00a0 \u00a0 \u00a0 17:00<\/td>\n<\/tr>\n<tr>\n<td rowspan=\"3\" width=\"231\">16 September &#8211; Friday<\/td>\n<td width=\"197\">KUS\/PYTHAGORION \u00a0 09:00<\/td>\n<td width=\"184\">PYTHAGORION\/KUS \u00a0 20:00<\/td>\n<\/tr>\n<tr>\n<td width=\"197\">KUS\/SAM (VATHY) \u00a0 \u00a0 \u00a0 09:00<\/td>\n<td width=\"184\">SAM (VATHY)\/KUS \u00a0 \u00a0 \u00a0 17:00<\/td>\n<\/tr>\n<tr>\n<td width=\"197\">KUS\/SAM (VATHY) \u00a0 \u00a0 \u00a0 19:00<\/td>\n<td width=\"184\">SAM (VATHY)\/KUS \u00a0 \u00a0 \u00a0 21:00<\/td>\n<\/tr>\n<tr>\n<td rowspan=\"3\" width=\"231\">17 September &#8211; Saturday<\/td>\n<td width=\"197\">KUS\/PYTHAGORION \u00a0 09:00<\/td>\n<td width=\"184\">PYTHAGORION\/KUS \u00a0 20:00<\/td>\n<\/tr>\n<tr>\n<td width=\"197\">KUS\/SAM (VATHY) \u00a0 \u00a0 \u00a0 09:00<\/td>\n<td width=\"184\">SAM (VATHY)\/KUS \u00a0 \u00a0 \u00a0 17:00<\/td>\n<\/tr>\n<tr>\n<td width=\"197\">KUS\/SAM (VATHY) \u00a0 \u00a0 \u00a0 19:00<\/td>\n<td width=\"184\">SAM (VATHY)\/KUS \u00a0 \u00a0 \u00a0 21:00<\/td>\n<\/tr>\n<tr>\n<td rowspan=\"2\" width=\"231\">18 September &#8211; Sunday<\/td>\n<td width=\"197\">KUS\/PYTHAGORION \u00a0 09:00<\/td>\n<td width=\"184\">PYTHAGORION\/KUS \u00a0 20:00<\/td>\n<\/tr>\n<tr>\n<td width=\"197\">KUS\/SAM (VATHY) \u00a0 \u00a0 \u00a0 09:00<\/td>\n<td width=\"184\">SAM (VATHY)\/KUS \u00a0 \u00a0 \u00a0 17:00<\/td>\n<\/tr>\n<\/tbody>\n<\/table>\n<\/div> <\/div> [vc_empty_space height=&#8221;10px&#8221;]<\/div><\/div><\/div><div class=\"g-cols wpb_row offset_none vc_inner \"><div class=\"vc_col-sm-2 wpb_column vc_column_container\"><div class=\"vc_column-inner\"><\/div><\/div><div class=\"vc_col-sm-8 wpb_column vc_column_container\"><div class=\"vc_column-inner\"><div id=\"ultimate-heading-210569e6613482205\" class=\"uvc-heading ult-adjust-bottom-margin ultimate-heading-210569e6613482205 uvc-8414 \" data-hspacer=\"icon_only\"  data-halign=\"center\" style=\"text-align:center\"><div class=\"uvc-heading-spacer icon_only\" style=\"top\"><div class=\"ult-just-icon-wrapper  \"><div class=\"align-icon\" style=\"text-align:center;\">\n<div class=\"aio-icon none \"  style=\"color:#dd3333;font-size:32px;display:inline-block;\">\n\t<i class=\"Defaults-calendar\"><\/i>\n<\/div><\/div><\/div><\/div><div class=\"uvc-main-heading ult-responsive\"  data-ultimate-target='.uvc-heading.ultimate-heading-210569e6613482205 h2'  data-responsive-json-new='{\"font-size\":\"\",\"line-height\":\"\"}' ><h2 style=\"font-weight:normal;\">BILET ICIN SIMDI REZERVASYON YAP<\/h2><\/div><\/div>[vc_empty_space]<div class=\"wpb_text_column \"><div class=\"wpb_wrapper\">\n<div class=\"wpcf7 no-js\" id=\"wpcf7-f6887-o1\" lang=\"en-US\" dir=\"ltr\" data-wpcf7-id=\"6887\">\n<div class=\"screen-reader-response\"><p role=\"status\" aria-live=\"polite\" aria-atomic=\"true\"><\/p> <ul><\/ul><\/div>\n<form action=\"\/tr\/wp-json\/wp\/v2\/pages\/6880#wpcf7-f6887-o1\" method=\"post\" class=\"wpcf7-form init cf7skins cf7t-grid-pro cf7s-vanilla\" aria-label=\"Contact form\" novalidate=\"novalidate\" data-status=\"init\">\n<div style=\"display: none;\">\n<input type=\"hidden\" name=\"_wpcf7\" value=\"6887\" \/>\n<input type=\"hidden\" name=\"_wpcf7_version\" value=\"6.0.3\" \/>\n<input type=\"hidden\" name=\"_wpcf7_locale\" value=\"en_US\" \/>\n<input type=\"hidden\" name=\"_wpcf7_unit_tag\" value=\"wpcf7-f6887-o1\" \/>\n<input type=\"hidden\" name=\"_wpcf7_container_post\" value=\"0\" \/>\n<input type=\"hidden\" name=\"_wpcf7_posted_data_hash\" value=\"\" \/>\n<input type=\"hidden\" name=\"_wpcf7_recaptcha_response\" value=\"\" \/>\n<\/div>\n<fieldset>\n\t<legend>KISISEL BILGI<\/legend>\n\t<ol class=\"grid\">\n\t\t<ol data-row-span=\"5\">\n\t\t\t<li data-field-span=\"1\"><label for=\"\"\/><span class=\"wpcf7-form-control-wrap\" data-name=\"your-sex\"><select class=\"wpcf7-form-control wpcf7-select\" aria-invalid=\"false\" name=\"your-sex\"><option value=\"Bay\">Bay<\/option><option value=\"Bayan\">Bayan<\/option><\/select><\/span><\/li>\n\t\t<\/ol>\n\t\t<ol data-row-span=\"2\">\n\t\t\t<li data-field-span=\"1\"><label for=\"\"> Isim <em class=\"cf7s-reqd\">*<\/em> <\/label><span class=\"wpcf7-form-control-wrap\" data-name=\"your-name\"><input size=\"40\" maxlength=\"400\" class=\"wpcf7-form-control wpcf7-text wpcf7-validates-as-required\" aria-required=\"true\" aria-invalid=\"false\" value=\"\" type=\"text\" name=\"your-name\" \/><\/span> <\/li>\n                        <li data-field-span=\"1\"><label for=\"\"> Email <em class=\"cf7s-reqd\">*<\/em> <\/label><span class=\"wpcf7-form-control-wrap\" data-name=\"your-email\"><input size=\"40\" maxlength=\"400\" class=\"wpcf7-form-control wpcf7-email wpcf7-validates-as-required wpcf7-text wpcf7-validates-as-email\" aria-required=\"true\" aria-invalid=\"false\" value=\"\" type=\"email\" name=\"your-email\" \/><\/span> <\/li>    \n\t\t<\/ol>\n\t\t<ol data-row-span=\"2\">\n\t\t\t<li data-field-span=\"1\"><label for=\"\"> Telefon <em class=\"cf7s-reqd\">*<\/em> <\/label><span class=\"wpcf7-form-control-wrap\" data-name=\"your-telephone\"><input size=\"40\" maxlength=\"400\" class=\"wpcf7-form-control wpcf7-tel wpcf7-validates-as-required wpcf7-text wpcf7-validates-as-tel\" aria-required=\"true\" aria-invalid=\"false\" value=\"\" type=\"tel\" name=\"your-telephone\" \/><\/span> <\/li>\n\t\t\t<li data-field-span=\"1\"><label for=\"\"> Feribot <em class=\"cf7s-reqd\">*<\/em> <\/label><span class=\"wpcf7-form-control-wrap\" data-name=\"your-ferry\"><select class=\"wpcf7-form-control wpcf7-select wpcf7-validates-as-required\" aria-required=\"true\" aria-invalid=\"false\" name=\"your-ferry\"><option value=\"\">&#8212;Please choose an option&#8212;<\/option><option value=\"Kusadasi to Samos\">Kusadasi to Samos<\/option><option value=\"Samos to Kusadasi\">Samos to Kusadasi<\/option><\/select><\/span> <\/li>\n\t\t<\/ol>\n\t\t<ol data-row-span=\"2\">\n\t\t\t<li data-field-span=\"1\"><label for=\"your-departuredate\"> Ayr\u0131l\u0131\u015f tarihi <em class=\"cf7s-reqd\">*<\/em> <\/label><span class=\"wpcf7-form-control-wrap\" data-name=\"your-departuredate\"><input class=\"wpcf7-form-control wpcf7-date wpcf7-validates-as-required wpcf7-validates-as-date\" min=\"2016-01-01\" max=\"2025-12-31\" aria-required=\"true\" aria-invalid=\"false\" value=\"\" type=\"date\" name=\"your-departuredate\" \/><\/span> <\/li>\n\t\t\t<li data-field-span=\"1\"><label for=\"your-returndate\"> D\u00f6n\u00fc\u015f tarihi <\/label><span class=\"wpcf7-form-control-wrap\" data-name=\"your-returndate\"><input class=\"wpcf7-form-control wpcf7-date wpcf7-validates-as-date\" min=\"2016-01-01\" max=\"2025-12-31\" aria-invalid=\"false\" value=\"\" type=\"date\" name=\"your-returndate\" \/><\/span> <\/li>\n\t\t<\/ol>\n         <legend>YOLCULAR<\/legend>\n\t\t<ol data-row-span=\"5\">\n\t\t\t<li data-field-span=\"1\"><label for=\"\"> Yetiskin <\/label><span class=\"wpcf7-form-control-wrap\" data-name=\"your-adultnumber\"><input size=\"40\" maxlength=\"400\" class=\"wpcf7-form-control wpcf7-text\" aria-invalid=\"false\" value=\"\" type=\"text\" name=\"your-adultnumber\" \/><\/span> <\/li>\n\t\t\t<li data-field-span=\"1\"><label for=\"\"> Cocuk <\/label><span class=\"wpcf7-form-control-wrap\" data-name=\"your-childnumber\"><input size=\"40\" maxlength=\"400\" class=\"wpcf7-form-control wpcf7-text\" aria-invalid=\"false\" value=\"\" type=\"text\" name=\"your-childnumber\" \/><\/span> <\/li>\n\t\t\t<li data-field-span=\"1\"><label for=\"\"> Bebek <\/label><span class=\"wpcf7-form-control-wrap\" data-name=\"your-infantnumber\"><input size=\"40\" maxlength=\"400\" class=\"wpcf7-form-control wpcf7-text\" aria-invalid=\"false\" value=\"\" type=\"text\" name=\"your-infantnumber\" \/><\/span> <\/li>\n\t\t<\/ol>\n\t\t<ol data-row-span=\"1\">\n\t\t\t<li data-field-span=\"1\"><label for=\"\"> Mesaj <\/label><span class=\"wpcf7-form-control-wrap\" data-name=\"your-message\"><textarea cols=\"40\" rows=\"10\" maxlength=\"2000\" class=\"wpcf7-form-control wpcf7-textarea\" aria-invalid=\"false\" placeholder=\"Ozel sartlarinizi \/ Sorularinizi yazin  ...\" name=\"your-message\"><\/textarea><\/span> <\/li>\n\t\t<\/ol>\n<\/ol><\/fieldset>\n<input class=\"wpcf7-form-control wpcf7-submit has-spinner\" type=\"submit\" value=\"BILGI AL\" \/>\n<p>*Zorunlu alanlar<\/p><p style=\"display: none !important;\" class=\"akismet-fields-container\" data-prefix=\"_wpcf7_ak_\"><label>&#916;<textarea name=\"_wpcf7_ak_hp_textarea\" cols=\"45\" rows=\"8\" maxlength=\"100\"><\/textarea><\/label><input type=\"hidden\" id=\"ak_js_1\" name=\"_wpcf7_ak_js\" value=\"95\"\/><script>document.getElementById( \"ak_js_1\" ).setAttribute( \"value\", ( new Date() ).getTime() );<\/script><\/p><div class=\"wpcf7-response-output\" aria-hidden=\"true\"><\/div>\n<\/form>\n<\/div>\n<\/div> <\/div> <\/div><\/div><div class=\"vc_col-sm-2 wpb_column vc_column_container\"><div class=\"vc_column-inner\"><\/div><\/div><\/div><\/div><\/div><\/div><\/div><\/section>\n","protected":false},"excerpt":{"rendered":"[vc_custom_heading text=\"KUSADASIN\u2019DAN SAMOS\u2019A &amp; SAMOS\u2019TAN KUSADASI\u2019NA FERIBOT\" font_container=\"tag:h2|text_align:center|color:%23de0202\" use_theme_fonts=\"yes\"] KUSADASI \/ SAMOS DUZENLI SEFERLER 1 Nisan \u2013 31 Ekim tarihleri 2017 Pazar \u2013 Pazartesi \u2013 Sali \u2013 Persembe \u2013 Cumartesi...","protected":false},"author":1,"featured_media":0,"parent":0,"menu_order":0,"comment_status":"closed","ping_status":"closed","template":"","meta":{"_monsterinsights_skip_tracking":false,"_monsterinsights_sitenote_active":false,"_monsterinsights_sitenote_note":"","_monsterinsights_sitenote_category":0,"footnotes":""},"class_list":["post-6880","page","type-page","status-publish","hentry"],"_links":{"self":[{"href":"https:\/\/www.quantum-travel.com.gr\/tr\/wp-json\/wp\/v2\/pages\/6880","targetHints":{"allow":["GET"]}}],"collection":[{"href":"https:\/\/www.quantum-travel.com.gr\/tr\/wp-json\/wp\/v2\/pages"}],"about":[{"href":"https:\/\/www.quantum-travel.com.gr\/tr\/wp-json\/wp\/v2\/types\/page"}],"author":[{"embeddable":true,"href":"https:\/\/www.quantum-travel.com.gr\/tr\/wp-json\/wp\/v2\/users\/1"}],"replies":[{"embeddable":true,"href":"https:\/\/www.quantum-travel.com.gr\/tr\/wp-json\/wp\/v2\/comments?post=6880"}],"version-history":[{"count":6,"href":"https:\/\/www.quantum-travel.com.gr\/tr\/wp-json\/wp\/v2\/pages\/6880\/revisions"}],"predecessor-version":[{"id":6888,"href":"https:\/\/www.quantum-travel.com.gr\/tr\/wp-json\/wp\/v2\/pages\/6880\/revisions\/6888"}],"wp:attachment":[{"href":"https:\/\/www.quantum-travel.com.gr\/tr\/wp-json\/wp\/v2\/media?parent=6880"}],"curies":[{"name":"wp","href":"https:\/\/api.w.org\/{rel}","templated":true}]}}