{"id":6870,"date":"2016-08-04T17:59:02","date_gmt":"2016-08-04T17:59:02","guid":{"rendered":"http:\/\/www.manos-travel.com\/kusadasi-turlari\/priene-miletos-and-didyma-tour-from-kusadasi\/"},"modified":"2017-06-15T19:00:56","modified_gmt":"2017-06-15T19:00:56","slug":"kusadasindan-prien-milet-ve-didim-turu","status":"publish","type":"page","link":"https:\/\/www.quantum-travel.com.gr\/tr\/kusadasi-turlari\/kusadasindan-prien-milet-ve-didim-turu\/","title":{"rendered":"Kusadasin&#8217;Dan Prien, Milet Ve Didim Turu"},"content":{"rendered":"<section class=\"l-section wpb_row height_medium color_custom\" style=\"background-color: #fcfcfc;\"><div class=\"l-section-h i-cf\"><div class=\"g-cols offset_small\"><div class=\"vc_col-sm-12 wpb_column vc_column_container\"><div class=\"vc_column-inner\">[vc_custom_heading text=&#8221;KUSADASIN\u2019DAN PRIEN, MILET VE DIDIM TURU&#8221; font_container=&#8221;tag:h2|text_align:center|color:%23de0202&#8243; use_theme_fonts=&#8221;yes&#8221;]<div class=\"w-separator type_short size_medium thick_2 style_solid color_primary cont_none\"><span class=\"w-separator-h\"><\/span><\/div><div class=\"wpb_text_column \"><div class=\"wpb_wrapper\">\n<p style=\"text-align: justify;\"><strong>Prien, Milet ve Didim turu; 3 onemli alani profesyonel tur rehberlerimiz ile ziyaret etmenizi sagliyor.<\/strong><\/p>\n<p style=\"text-align: justify;\"><strong>Onemli noktalar:<\/strong><br \/>\nMenderes Nehri\u2019ne bakan, muhtesem Prien manzarasina hayran kalacaksiniz.<br \/>\nEge Denizi Yakinlarindaki Milet Antik Kalintilarini kesfedip , Didim Apollon Tapinagi\u2019ni ziyaret edebilirsiniz.<br \/>\nLiman\u2019dan ya da kaldiginiz otelden yolcular alindiktan sonra Prien\u2019e dogru yola cikiyoruz. Bir tarafi dag olan 2,500 yasindaki Iyon Sehri, Menderes Nehri\u2019ne bakmaktadir.<br \/>\nEge Denizi\u2019ne yakin olan Milet Kalintilarina dogru turumuza devam ediyoruz. Burada M.O. 4. Yuzyilda insaa edilmis, 15.000\u2019den fazla misafir agirlamis olan Antik Tiyatro\u2019yu kesfedebilirsiniz. Ayrica Faustina Hamami\u2019ni ziyaret ediyoruz. Faustina, Roma imparatoru Antoninus Pius&#8217;un k\u0131z\u0131 ve \u0130mparator Marcus Aurelius&#8217;un kar\u0131s\u0131d\u0131r, Milet&#8217;in \u00fcnl\u00fc hamamlar\u0131na \u00f6l\u00fcm\u00fcnden sonra onun ismi verilmi\u015ftir. Antik zamanda kutsal bir yol ile Didim\u2019e baglanan yolda ilerleyerek turumuza devam ediyoruz. Burada Helenistik Donem\u2019in en buyuk tapinaklarindan biri olan Apollon Tapinagi\u2019ni ziyaret ediyoruz.<br \/>\nTur tamamladiktan sonra yolcular tekrar aldindiklari noktaya geri birakilacaktir.<\/p>\n<p><strong>HAREKET : <\/strong>Kusadasi<\/p>\n<p><strong>SURE : <\/strong>7 saat<\/p>\n<p><strong>ZIYARET\u00a0:<\/strong> Priene, Miletos, Didyma<\/p>\n<p><span style=\"text-decoration: underline;\"><strong>DAHIL OLAN HIZMETLER\u00a0<\/strong><\/span><\/p>\n<blockquote><p>\u00d6zel deluks klimal\u0131 VIP arac\u0131<\/p>\n<p>Profesyonel Tur Rehberi ve S\u00fcr\u00fcc\u00fcs\u00fc<\/p>\n<p>G\u00fczerg\u00e2hlarda belirtilen t\u00fcm giri\u015f \u00fccretleri<\/p>\n<p>Benzin ve otopark \u00fccretleri<\/p>\n<p>Hizmet masraflar\u0131 ve yerel vergiler<\/p>\n<p>Didim&#8217;de \u00f6\u011fle yeme\u011fi<\/p><\/blockquote>\n<p><span style=\"text-decoration: underline;\"><strong>DAHIL OLMAYAN HIZMETLER\u00a0<\/strong><\/span><\/p>\n<blockquote><p>Kisisel ihtiyaclar<\/p>\n<p>Icecekler<\/p>\n<p>Bahsis<\/p><\/blockquote>\n<\/div> <\/div> <div class=\"w-slider\"><div class=\"us-frame\"><div class=\"royalSlider rsDefault\"><div class=\"rsContent\"><img decoding=\"async\" class=\"rsImg\" data-rsw=\"974\" data-rsh=\"545\" src=\"https:\/\/www.quantum-travel.com.gr\/wp-content\/uploads\/2016\/08\/priene-1.jpg\"><img loading=\"lazy\" decoding=\"async\" width=\"150\" height=\"150\" src=\"https:\/\/www.quantum-travel.com.gr\/wp-content\/uploads\/2016\/08\/priene-1-150x150.jpg\" class=\"rsTmb\" alt=\"\" srcset=\"https:\/\/www.quantum-travel.com.gr\/wp-content\/uploads\/2016\/08\/priene-1-150x150.jpg 150w, https:\/\/www.quantum-travel.com.gr\/wp-content\/uploads\/2016\/08\/priene-1-350x350.jpg 350w\" sizes=\"auto, (max-width: 150px) 100vw, 150px\" \/><\/div><div class=\"rsContent\"><img decoding=\"async\" class=\"rsImg\" data-rsw=\"974\" data-rsh=\"545\" src=\"https:\/\/www.quantum-travel.com.gr\/wp-content\/uploads\/2016\/08\/priene-2.jpg\"><img loading=\"lazy\" decoding=\"async\" width=\"150\" height=\"150\" src=\"https:\/\/www.quantum-travel.com.gr\/wp-content\/uploads\/2016\/08\/priene-2-150x150.jpg\" class=\"rsTmb\" alt=\"\" srcset=\"https:\/\/www.quantum-travel.com.gr\/wp-content\/uploads\/2016\/08\/priene-2-150x150.jpg 150w, https:\/\/www.quantum-travel.com.gr\/wp-content\/uploads\/2016\/08\/priene-2-350x350.jpg 350w\" sizes=\"auto, (max-width: 150px) 100vw, 150px\" \/><\/div><div class=\"rsContent\"><img decoding=\"async\" class=\"rsImg\" data-rsw=\"974\" data-rsh=\"545\" src=\"https:\/\/www.quantum-travel.com.gr\/wp-content\/uploads\/2016\/08\/priene-3.jpg\"><img loading=\"lazy\" decoding=\"async\" width=\"150\" height=\"150\" src=\"https:\/\/www.quantum-travel.com.gr\/wp-content\/uploads\/2016\/08\/priene-3-150x150.jpg\" class=\"rsTmb\" alt=\"\" srcset=\"https:\/\/www.quantum-travel.com.gr\/wp-content\/uploads\/2016\/08\/priene-3-150x150.jpg 150w, https:\/\/www.quantum-travel.com.gr\/wp-content\/uploads\/2016\/08\/priene-3-350x350.jpg 350w\" sizes=\"auto, (max-width: 150px) 100vw, 150px\" \/><\/div><div class=\"rsContent\"><img decoding=\"async\" class=\"rsImg\" data-rsw=\"974\" data-rsh=\"545\" src=\"https:\/\/www.quantum-travel.com.gr\/wp-content\/uploads\/2016\/08\/priene-4.jpg\"><img loading=\"lazy\" decoding=\"async\" width=\"150\" height=\"150\" src=\"https:\/\/www.quantum-travel.com.gr\/wp-content\/uploads\/2016\/08\/priene-4-150x150.jpg\" class=\"rsTmb\" alt=\"\" srcset=\"https:\/\/www.quantum-travel.com.gr\/wp-content\/uploads\/2016\/08\/priene-4-150x150.jpg 150w, https:\/\/www.quantum-travel.com.gr\/wp-content\/uploads\/2016\/08\/priene-4-350x350.jpg 350w\" sizes=\"auto, (max-width: 150px) 100vw, 150px\" \/><\/div><\/div><div class=\"w-slider-json\" onclick='return {&quot;transitionSpeed&quot;:300,&quot;loopRewind&quot;:true,&quot;slidesSpacing&quot;:0,&quot;imageScalePadding&quot;:0,&quot;numImagesToPreload&quot;:2,&quot;arrowsNav&quot;:true,&quot;arrowsNavAutoHide&quot;:false,&quot;transitionType&quot;:&quot;fade&quot;,&quot;block&quot;:{&quot;moveEffect&quot;:&quot;none&quot;,&quot;speed&quot;:300},&quot;controlNavigation&quot;:&quot;thumbnails&quot;,&quot;imageScaleMode&quot;:&quot;fit-if-smaller&quot;,&quot;autoScaleSlider&quot;:true,&quot;autoScaleSliderWidth&quot;:974,&quot;autoScaleSliderHeight&quot;:545,&quot;fitInViewport&quot;:false}'><\/div><\/div><\/div>[vc_empty_space]<div class=\"g-cols wpb_row offset_none vc_inner \"><div class=\"vc_col-sm-2 wpb_column vc_column_container\"><div class=\"vc_column-inner\"><\/div><\/div><div class=\"vc_col-sm-8 wpb_column vc_column_container\"><div class=\"vc_column-inner\"><div id=\"ultimate-heading-244869e64a086826b\" class=\"uvc-heading ult-adjust-bottom-margin ultimate-heading-244869e64a086826b uvc-336 \" data-hspacer=\"icon_only\"  data-halign=\"center\" style=\"text-align:center\"><div class=\"uvc-heading-spacer icon_only\" style=\"top\"><div class=\"ult-just-icon-wrapper  \"><div class=\"align-icon\" style=\"text-align:center;\">\n<div class=\"aio-icon none \"  style=\"color:#dd3333;font-size:32px;display:inline-block;\">\n\t<i class=\"Defaults-calendar\"><\/i>\n<\/div><\/div><\/div><\/div><div class=\"uvc-main-heading ult-responsive\"  data-ultimate-target='.uvc-heading.ultimate-heading-244869e64a086826b h2'  data-responsive-json-new='{\"font-size\":\"\",\"line-height\":\"\"}' ><h2 style=\"font-weight:normal;\">TUR ICIN SIMDI REZERVASYON YAP<\/h2><\/div><\/div>[vc_empty_space]<div class=\"wpb_text_column \"><div class=\"wpb_wrapper\">\n<div class=\"wpcf7 no-js\" id=\"wpcf7-f6875-o1\" lang=\"en-US\" dir=\"ltr\" data-wpcf7-id=\"6875\">\n<div class=\"screen-reader-response\"><p role=\"status\" aria-live=\"polite\" aria-atomic=\"true\"><\/p> <ul><\/ul><\/div>\n<form action=\"\/tr\/wp-json\/wp\/v2\/pages\/6870#wpcf7-f6875-o1\" method=\"post\" class=\"wpcf7-form init cf7skins cf7t-grid-pro cf7s-vanilla\" aria-label=\"Contact form\" novalidate=\"novalidate\" data-status=\"init\">\n<div style=\"display: none;\">\n<input type=\"hidden\" name=\"_wpcf7\" value=\"6875\" \/>\n<input type=\"hidden\" name=\"_wpcf7_version\" value=\"6.0.3\" \/>\n<input type=\"hidden\" name=\"_wpcf7_locale\" value=\"en_US\" \/>\n<input type=\"hidden\" name=\"_wpcf7_unit_tag\" value=\"wpcf7-f6875-o1\" \/>\n<input type=\"hidden\" name=\"_wpcf7_container_post\" value=\"0\" \/>\n<input type=\"hidden\" name=\"_wpcf7_posted_data_hash\" value=\"\" \/>\n<input type=\"hidden\" name=\"_wpcf7_recaptcha_response\" value=\"\" \/>\n<\/div>\n<fieldset>\n\t<legend>KISISEL BILGI<\/legend>\n\t<ol class=\"grid\">\n\t\t<ol data-row-span=\"5\">\n\t\t\t<li data-field-span=\"1\"><label for=\"\"\/><span class=\"wpcf7-form-control-wrap\" data-name=\"your-sex\"><select class=\"wpcf7-form-control wpcf7-select\" aria-invalid=\"false\" name=\"your-sex\"><option value=\"Bay\">Bay<\/option><option value=\"Bayan\">Bayan<\/option><\/select><\/span><\/li>\n\t\t<\/ol>\n\t\t<ol data-row-span=\"2\">\n\t\t\t<li data-field-span=\"1\"><label for=\"\"> Isim <em class=\"cf7s-reqd\">*<\/em> <\/label><span class=\"wpcf7-form-control-wrap\" data-name=\"your-name\"><input size=\"40\" maxlength=\"400\" class=\"wpcf7-form-control wpcf7-text wpcf7-validates-as-required\" aria-required=\"true\" aria-invalid=\"false\" value=\"\" type=\"text\" name=\"your-name\" \/><\/span> <\/li>\n                        <li data-field-span=\"1\"><label for=\"\"> Email <em class=\"cf7s-reqd\">*<\/em> <\/label><span class=\"wpcf7-form-control-wrap\" data-name=\"your-email\"><input size=\"40\" maxlength=\"400\" class=\"wpcf7-form-control wpcf7-email wpcf7-validates-as-required wpcf7-text wpcf7-validates-as-email\" aria-required=\"true\" aria-invalid=\"false\" value=\"\" type=\"email\" name=\"your-email\" \/><\/span> <\/li>\n\t\t<\/ol>\n\t\t<ol data-row-span=\"2\">\n\t\t\t<li data-field-span=\"1\"><label for=\"\"> Telefon <em class=\"cf7s-reqd\">*<\/em> <\/label><span class=\"wpcf7-form-control-wrap\" data-name=\"your-telephone\"><input size=\"40\" maxlength=\"400\" class=\"wpcf7-form-control wpcf7-tel wpcf7-validates-as-required wpcf7-text wpcf7-validates-as-tel\" aria-required=\"true\" aria-invalid=\"false\" value=\"\" type=\"tel\" name=\"your-telephone\" \/><\/span> <\/li>\n\t\t\t<li data-field-span=\"1\"><label for=\"your-tourdate\"> Tur Tarihi <em class=\"cf7s-reqd\">*<\/em> <\/label><span class=\"wpcf7-form-control-wrap\" data-name=\"your-tourdate\"><input class=\"wpcf7-form-control wpcf7-date wpcf7-validates-as-required wpcf7-validates-as-date\" min=\"2016-01-01\" max=\"2025-12-31\" aria-required=\"true\" aria-invalid=\"false\" value=\"\" type=\"date\" name=\"your-tourdate\" \/><\/span> <\/li>\n\t\t<\/ol>\n         <legend>YOLCULAR<\/legend>\n\t\t<ol data-row-span=\"5\">\n\t\t\t<li data-field-span=\"1\"><label for=\"\"> Yetiskin <\/label><span class=\"wpcf7-form-control-wrap\" data-name=\"your-adultnumber\"><input size=\"40\" maxlength=\"400\" class=\"wpcf7-form-control wpcf7-text\" aria-invalid=\"false\" value=\"\" type=\"text\" name=\"your-adultnumber\" \/><\/span> <\/li>\n\t\t\t<li data-field-span=\"1\"><label for=\"\"> Cocuk <\/label><span class=\"wpcf7-form-control-wrap\" data-name=\"your-childnumber\"><input size=\"40\" maxlength=\"400\" class=\"wpcf7-form-control wpcf7-text\" aria-invalid=\"false\" value=\"\" type=\"text\" name=\"your-childnumber\" \/><\/span> <\/li>\n\t\t\t<li data-field-span=\"1\"><label for=\"\"> Bebek <\/label><span class=\"wpcf7-form-control-wrap\" data-name=\"your-infantnumber\"><input size=\"40\" maxlength=\"400\" class=\"wpcf7-form-control wpcf7-text\" aria-invalid=\"false\" value=\"\" type=\"text\" name=\"your-infantnumber\" \/><\/span> <\/li>\n\t\t<\/ol>\n\t\t<ol data-row-span=\"1\">\n\t\t\t<li data-field-span=\"1\"><label for=\"\"> Mesaj <\/label><span class=\"wpcf7-form-control-wrap\" data-name=\"your-message\"><textarea cols=\"40\" rows=\"10\" maxlength=\"2000\" class=\"wpcf7-form-control wpcf7-textarea\" aria-invalid=\"false\" placeholder=\"Ozel sartlarinizi \/ Sorularinizi yazin ...\" name=\"your-message\"><\/textarea><\/span> <\/li>\n\t\t<\/ol>\n<\/ol><\/fieldset>\n<input class=\"wpcf7-form-control wpcf7-submit has-spinner\" type=\"submit\" value=\"BILGI AL\" \/>\n<p>*Zorunlu alanlar<\/p><p style=\"display: none !important;\" class=\"akismet-fields-container\" data-prefix=\"_wpcf7_ak_\"><label>&#916;<textarea name=\"_wpcf7_ak_hp_textarea\" cols=\"45\" rows=\"8\" maxlength=\"100\"><\/textarea><\/label><input type=\"hidden\" id=\"ak_js_1\" name=\"_wpcf7_ak_js\" value=\"183\"\/><script>document.getElementById( \"ak_js_1\" ).setAttribute( \"value\", ( new Date() ).getTime() );<\/script><\/p><div class=\"wpcf7-response-output\" aria-hidden=\"true\"><\/div>\n<\/form>\n<\/div>\n<\/div> <\/div> <\/div><\/div><div class=\"vc_col-sm-2 wpb_column vc_column_container\"><div class=\"vc_column-inner\"><\/div><\/div><\/div><\/div><\/div><\/div><\/div><\/section>\n","protected":false},"excerpt":{"rendered":"[vc_custom_heading text=\"KUSADASIN\u2019DAN PRIEN, MILET VE DIDIM TURU\" font_container=\"tag:h2|text_align:center|color:%23de0202\" use_theme_fonts=\"yes\"] Prien, Milet ve Didim turu; 3 onemli alani profesyonel tur rehberlerimiz ile ziyaret etmenizi sagliyor. Onemli noktalar: Menderes Nehri\u2019ne bakan, muhtesem...","protected":false},"author":1,"featured_media":0,"parent":6847,"menu_order":0,"comment_status":"closed","ping_status":"closed","template":"","meta":{"_monsterinsights_skip_tracking":false,"_monsterinsights_sitenote_active":false,"_monsterinsights_sitenote_note":"","_monsterinsights_sitenote_category":0,"footnotes":""},"class_list":["post-6870","page","type-page","status-publish","hentry"],"_links":{"self":[{"href":"https:\/\/www.quantum-travel.com.gr\/tr\/wp-json\/wp\/v2\/pages\/6870","targetHints":{"allow":["GET"]}}],"collection":[{"href":"https:\/\/www.quantum-travel.com.gr\/tr\/wp-json\/wp\/v2\/pages"}],"about":[{"href":"https:\/\/www.quantum-travel.com.gr\/tr\/wp-json\/wp\/v2\/types\/page"}],"author":[{"embeddable":true,"href":"https:\/\/www.quantum-travel.com.gr\/tr\/wp-json\/wp\/v2\/users\/1"}],"replies":[{"embeddable":true,"href":"https:\/\/www.quantum-travel.com.gr\/tr\/wp-json\/wp\/v2\/comments?post=6870"}],"version-history":[{"count":4,"href":"https:\/\/www.quantum-travel.com.gr\/tr\/wp-json\/wp\/v2\/pages\/6870\/revisions"}],"predecessor-version":[{"id":6876,"href":"https:\/\/www.quantum-travel.com.gr\/tr\/wp-json\/wp\/v2\/pages\/6870\/revisions\/6876"}],"up":[{"embeddable":true,"href":"https:\/\/www.quantum-travel.com.gr\/tr\/wp-json\/wp\/v2\/pages\/6847"}],"wp:attachment":[{"href":"https:\/\/www.quantum-travel.com.gr\/tr\/wp-json\/wp\/v2\/media?parent=6870"}],"curies":[{"name":"wp","href":"https:\/\/api.w.org\/{rel}","templated":true}]}}