{"id":6830,"date":"2013-09-03T12:20:58","date_gmt":"2013-09-03T12:20:58","guid":{"rendered":"http:\/\/www.manos-travel.com\/packages\/"},"modified":"2017-06-14T19:00:05","modified_gmt":"2017-06-14T19:00:05","slug":"paket-programlar","status":"publish","type":"page","link":"https:\/\/www.quantum-travel.com.gr\/tr\/paket-programlar\/","title":{"rendered":"Paket Programlar"},"content":{"rendered":"<section class=\"l-section wpb_row height_medium\"><div class=\"l-section-h i-cf\"><div class=\"g-cols offset_small\"><div class=\"vc_col-sm-12 wpb_column vc_column_container\"><div class=\"vc_column-inner\"><div class=\"w-pricing style_1 items_3\"><div class=\"w-pricing-item type_default\"><div class=\"w-pricing-item-h\"><div class=\"w-pricing-item-header\"><h5 class=\"w-pricing-item-title\">SAMOS BAY HOTEL<\/h5><\/div><ul class=\"w-pricing-item-features\"><li class=\"w-pricing-item-feature\">OTEL + FERIBOT KISI BASI 80 \u20ac<\/li><li class=\"w-pricing-item-feature\">OTEL + FERIBOT + ARAC KIRALAMA KISI BASI 110 \u20ac<\/li><\/ul><div class=\"w-pricing-item-footer\"><a class=\"w-btn style_outlined color_black icon_none\" href=\"http:\/\/www.quantum-travel.com.gr\/accommodation\/samos-bay-hotel\/\"><span class=\"w-btn-label\">SAMOS BAY OTEL\u2019E GOZAT<\/span><\/a><\/div><\/div><\/div><div class=\"w-pricing-item type_featured\"><div class=\"w-pricing-item-h\"><div class=\"w-pricing-item-header\"><h5 class=\"w-pricing-item-title\">KERVELI VILLAGE HOTEL<\/h5><\/div><ul class=\"w-pricing-item-features\"><li class=\"w-pricing-item-feature\">OTEL + FERIBOT KISI BASI 92 \u20ac<\/li><li class=\"w-pricing-item-feature\">OTEL + FERIBOT + ARAC KIRALAMA KISI BASI 122 \u20ac<\/li><\/ul><div class=\"w-pricing-item-footer\"><a class=\"w-btn style_outlined color_primary icon_none\" href=\"http:\/\/www.quantum-travel.com.gr\/accommodation\/kerveli-village-hotel\/\"><span class=\"w-btn-label\">KERVELI VILLAGE OTEL\u2019E GOZAT<\/span><\/a><\/div><\/div><\/div><div class=\"w-pricing-item type_default\"><div class=\"w-pricing-item-h\"><div class=\"w-pricing-item-header\"><h5 class=\"w-pricing-item-title\">PROTEAS BLU RESORT HOTEL<\/h5><\/div><ul class=\"w-pricing-item-features\"><li class=\"w-pricing-item-feature\">OTEL + FERIBOT KISI BASI 153 \u20ac<\/li><li class=\"w-pricing-item-feature\">OTEL + FERIBOT + ARAC KIRALAMA KISI BASI 183 \u20ac<\/li><\/ul><div class=\"w-pricing-item-footer\"><a class=\"w-btn style_outlined color_contrast icon_none\" href=\"http:\/\/www.quantum-travel.com.gr\/accommodation\/proteas-blu-resort\/\"><span class=\"w-btn-label\">PROTEAS BLU RESORT OTEL\u2019E GOZAT<\/span><\/a><\/div><\/div><\/div><\/div>[vc_empty_space]<div class=\"g-cols wpb_row offset_none vc_inner \"><div class=\"vc_col-sm-2 wpb_column vc_column_container\"><div class=\"vc_column-inner\"><\/div><\/div><div class=\"vc_col-sm-8 wpb_column vc_column_container\"><div class=\"vc_column-inner\"><div id=\"ultimate-heading-650869d62186a528b\" class=\"uvc-heading ult-adjust-bottom-margin ultimate-heading-650869d62186a528b uvc-7347 \" data-hspacer=\"icon_only\"  data-halign=\"center\" style=\"text-align:center\"><div class=\"uvc-heading-spacer icon_only\" style=\"top\"><div class=\"ult-just-icon-wrapper  \"><div class=\"align-icon\" style=\"text-align:center;\">\n<div class=\"aio-icon none \"  style=\"color:#dd3333;font-size:32px;display:inline-block;\">\n\t<i class=\"Defaults-calendar\"><\/i>\n<\/div><\/div><\/div><\/div><div class=\"uvc-main-heading ult-responsive\"  data-ultimate-target='.uvc-heading.ultimate-heading-650869d62186a528b h2'  data-responsive-json-new='{\"font-size\":\"\",\"line-height\":\"\"}' ><h2 style=\"font-weight:normal;\">PAKET PROGRAM ICIN SIMDI REZERVASYON YAP<\/h2><\/div><\/div>[vc_empty_space]<div class=\"wpb_text_column \"><div class=\"wpb_wrapper\">\n<div class=\"wpcf7 no-js\" id=\"wpcf7-f6844-o1\" lang=\"en-US\" dir=\"ltr\" data-wpcf7-id=\"6844\">\n<div class=\"screen-reader-response\"><p role=\"status\" aria-live=\"polite\" aria-atomic=\"true\"><\/p> <ul><\/ul><\/div>\n<form action=\"\/tr\/wp-json\/wp\/v2\/pages\/6830#wpcf7-f6844-o1\" method=\"post\" class=\"wpcf7-form init cf7skins cf7t-grid-pro cf7s-vanilla\" aria-label=\"Contact form\" novalidate=\"novalidate\" data-status=\"init\">\n<div style=\"display: none;\">\n<input type=\"hidden\" name=\"_wpcf7\" value=\"6844\" \/>\n<input type=\"hidden\" name=\"_wpcf7_version\" value=\"6.0.3\" \/>\n<input type=\"hidden\" name=\"_wpcf7_locale\" value=\"en_US\" \/>\n<input type=\"hidden\" name=\"_wpcf7_unit_tag\" value=\"wpcf7-f6844-o1\" \/>\n<input type=\"hidden\" name=\"_wpcf7_container_post\" value=\"0\" \/>\n<input type=\"hidden\" name=\"_wpcf7_posted_data_hash\" value=\"\" \/>\n<input type=\"hidden\" name=\"_wpcf7_recaptcha_response\" value=\"\" \/>\n<\/div>\n<fieldset>\n\t<legend>KISISEL BILGI<\/legend>\n\t<ol class=\"grid\">\n\t\t<ol data-row-span=\"5\">\n\t\t\t<li data-field-span=\"1\"><label for=\"\"\/><span class=\"wpcf7-form-control-wrap\" data-name=\"your-sex\"><select class=\"wpcf7-form-control wpcf7-select\" aria-invalid=\"false\" name=\"your-sex\"><option value=\"Bay\">Bay<\/option><option value=\"Bayan\">Bayan<\/option><\/select><\/span><\/li>\n\t\t<\/ol>\n\t\t<ol data-row-span=\"2\">\n\t\t\t<li data-field-span=\"1\"><label for=\"\"> Isim <em class=\"cf7s-reqd\">*<\/em> <\/label><span class=\"wpcf7-form-control-wrap\" data-name=\"your-name\"><input size=\"40\" maxlength=\"400\" class=\"wpcf7-form-control wpcf7-text wpcf7-validates-as-required\" aria-required=\"true\" aria-invalid=\"false\" value=\"\" type=\"text\" name=\"your-name\" \/><\/span> <\/li>\n                        <li data-field-span=\"1\"><label for=\"\"> Email <em class=\"cf7s-reqd\">*<\/em> <\/label><span class=\"wpcf7-form-control-wrap\" data-name=\"your-email\"><input size=\"40\" maxlength=\"400\" class=\"wpcf7-form-control wpcf7-email wpcf7-validates-as-required wpcf7-text wpcf7-validates-as-email\" aria-required=\"true\" aria-invalid=\"false\" value=\"\" type=\"email\" name=\"your-email\" \/><\/span> <\/li>    \n\t\t<\/ol>\n\t\t<ol data-row-span=\"2\">\n\t\t\t<li data-field-span=\"1\"><label for=\"\"> Telefon <em class=\"cf7s-reqd\">*<\/em> <\/label><span class=\"wpcf7-form-control-wrap\" data-name=\"your-telephone\"><input size=\"40\" maxlength=\"400\" class=\"wpcf7-form-control wpcf7-tel wpcf7-validates-as-required wpcf7-text wpcf7-validates-as-tel\" aria-required=\"true\" aria-invalid=\"false\" value=\"\" type=\"tel\" name=\"your-telephone\" \/><\/span> <\/li>\n\t\t\t<li data-field-span=\"1\"><label for=\"\"> Paket <em class=\"cf7s-reqd\">*<\/em> <\/label><span class=\"wpcf7-form-control-wrap\" data-name=\"your-package\"><select class=\"wpcf7-form-control wpcf7-select wpcf7-validates-as-required\" aria-required=\"true\" aria-invalid=\"false\" name=\"your-package\"><option value=\"\">&#8212;Please choose an option&#8212;<\/option><option value=\"SAMOS BAY HOTEL\">SAMOS BAY HOTEL<\/option><option value=\"KERVELI VILLAGE HOTEL\">KERVELI VILLAGE HOTEL<\/option><option value=\"PROTEAS BLUE RESORT HOTEL\">PROTEAS BLUE RESORT HOTEL<\/option><\/select><\/span> <\/li>\n\t\t<\/ol>\n\t\t<ol data-row-span=\"2\">\n\t\t\t<li data-field-span=\"1\"><label for=\"your-departuredate\"> Ayr\u0131l\u0131\u015f tarihi <em class=\"cf7s-reqd\">*<\/em> <\/label><span class=\"wpcf7-form-control-wrap\" data-name=\"your-departuredate\"><input class=\"wpcf7-form-control wpcf7-date wpcf7-validates-as-required wpcf7-validates-as-date\" min=\"2016-01-01\" max=\"2025-12-31\" aria-required=\"true\" aria-invalid=\"false\" value=\"\" type=\"date\" name=\"your-departuredate\" \/><\/span> <\/li>\n\t\t\t<li data-field-span=\"1\"><label for=\"your-returndate\"> D\u00f6n\u00fc\u015f tarihi <em class=\"cf7s-reqd\">*<\/em> <\/label><span class=\"wpcf7-form-control-wrap\" data-name=\"your-returndate\"><input class=\"wpcf7-form-control wpcf7-date wpcf7-validates-as-required wpcf7-validates-as-date\" min=\"2016-01-01\" max=\"2025-12-31\" aria-required=\"true\" aria-invalid=\"false\" value=\"\" type=\"date\" name=\"your-returndate\" \/><\/span> <\/li>\n\t\t<\/ol>\n         <legend>YOLCULAR<\/legend>\n\t\t<ol data-row-span=\"5\">\n\t\t\t<li data-field-span=\"1\"><label for=\"\"> Yetiskin <\/label><span class=\"wpcf7-form-control-wrap\" data-name=\"your-adultnumber\"><input size=\"40\" maxlength=\"400\" class=\"wpcf7-form-control wpcf7-text\" aria-invalid=\"false\" value=\"\" type=\"text\" name=\"your-adultnumber\" \/><\/span> <\/li>\n\t\t\t<li data-field-span=\"1\"><label for=\"\"> Cocuk <\/label><span class=\"wpcf7-form-control-wrap\" data-name=\"your-childnumber\"><input size=\"40\" maxlength=\"400\" class=\"wpcf7-form-control wpcf7-text\" aria-invalid=\"false\" value=\"\" type=\"text\" name=\"your-childnumber\" \/><\/span> <\/li>\n\t\t\t<li data-field-span=\"1\"><label for=\"\"> Bebek <\/label><span class=\"wpcf7-form-control-wrap\" data-name=\"your-infantnumber\"><input size=\"40\" maxlength=\"400\" class=\"wpcf7-form-control wpcf7-text\" aria-invalid=\"false\" value=\"\" type=\"text\" name=\"your-infantnumber\" \/><\/span> <\/li>\n\t\t<\/ol>\n\t\t<ol data-row-span=\"1\">\n\t\t\t<li data-field-span=\"1\"><label for=\"\"> Mesaj <\/label><span class=\"wpcf7-form-control-wrap\" data-name=\"your-message\"><textarea cols=\"40\" rows=\"10\" maxlength=\"2000\" class=\"wpcf7-form-control wpcf7-textarea\" aria-invalid=\"false\" placeholder=\"Ozel sartlarinizi \/ Sorularinizi yazin  ...\" name=\"your-message\"><\/textarea><\/span> <\/li>\n\t\t<\/ol>\n<\/ol><\/fieldset>\n<input class=\"wpcf7-form-control wpcf7-submit has-spinner\" type=\"submit\" value=\"BILGI AL\" \/>\n<p>*Zorunlu alanlar<\/p><p style=\"display: none !important;\" class=\"akismet-fields-container\" data-prefix=\"_wpcf7_ak_\"><label>&#916;<textarea name=\"_wpcf7_ak_hp_textarea\" cols=\"45\" rows=\"8\" maxlength=\"100\"><\/textarea><\/label><input type=\"hidden\" id=\"ak_js_1\" name=\"_wpcf7_ak_js\" value=\"118\"\/><script>document.getElementById( \"ak_js_1\" ).setAttribute( \"value\", ( new Date() ).getTime() );<\/script><\/p><div class=\"wpcf7-response-output\" aria-hidden=\"true\"><\/div>\n<\/form>\n<\/div>\n<\/div> <\/div> <\/div><\/div><div class=\"vc_col-sm-2 wpb_column vc_column_container\"><div class=\"vc_column-inner\"><\/div><\/div><\/div><\/div><\/div><\/div><\/div><\/section><section class=\"l-section wpb_row height_medium\"><div class=\"l-section-h i-cf\"><div class=\"g-cols offset_small\"><div class=\"vc_col-sm-12 wpb_column vc_column_container\"><div class=\"vc_column-inner\"><\/div><\/div><\/div><\/div><\/section>\n","protected":false},"excerpt":{"rendered":"SAMOS BAY HOTELOTEL + FERIBOT KISI BASI 80 \u20acOTEL + FERIBOT + ARAC KIRALAMA KISI BASI 110 \u20acSAMOS BAY OTEL\u2019E GOZATKERVELI VILLAGE HOTELOTEL + FERIBOT KISI BASI 92 \u20acOTEL +...","protected":false},"author":1,"featured_media":0,"parent":0,"menu_order":0,"comment_status":"closed","ping_status":"closed","template":"","meta":{"_monsterinsights_skip_tracking":false,"_monsterinsights_sitenote_active":false,"_monsterinsights_sitenote_note":"","_monsterinsights_sitenote_category":0,"footnotes":""},"class_list":["post-6830","page","type-page","status-publish","hentry"],"_links":{"self":[{"href":"https:\/\/www.quantum-travel.com.gr\/tr\/wp-json\/wp\/v2\/pages\/6830","targetHints":{"allow":["GET"]}}],"collection":[{"href":"https:\/\/www.quantum-travel.com.gr\/tr\/wp-json\/wp\/v2\/pages"}],"about":[{"href":"https:\/\/www.quantum-travel.com.gr\/tr\/wp-json\/wp\/v2\/types\/page"}],"author":[{"embeddable":true,"href":"https:\/\/www.quantum-travel.com.gr\/tr\/wp-json\/wp\/v2\/users\/1"}],"replies":[{"embeddable":true,"href":"https:\/\/www.quantum-travel.com.gr\/tr\/wp-json\/wp\/v2\/comments?post=6830"}],"version-history":[{"count":5,"href":"https:\/\/www.quantum-travel.com.gr\/tr\/wp-json\/wp\/v2\/pages\/6830\/revisions"}],"predecessor-version":[{"id":6845,"href":"https:\/\/www.quantum-travel.com.gr\/tr\/wp-json\/wp\/v2\/pages\/6830\/revisions\/6845"}],"wp:attachment":[{"href":"https:\/\/www.quantum-travel.com.gr\/tr\/wp-json\/wp\/v2\/media?parent=6830"}],"curies":[{"name":"wp","href":"https:\/\/api.w.org\/{rel}","templated":true}]}}