{"id":6821,"date":"2016-08-04T18:42:36","date_gmt":"2016-08-04T18:42:36","guid":{"rendered":"http:\/\/www.manos-travel.com\/chauffeur-service\/"},"modified":"2017-06-14T18:37:37","modified_gmt":"2017-06-14T18:37:37","slug":"sofor-servisi","status":"publish","type":"page","link":"https:\/\/www.quantum-travel.com.gr\/tr\/sofor-servisi\/","title":{"rendered":"\u015eof\u00f6r Servisi"},"content":{"rendered":"<section class=\"l-section wpb_row height_medium color_custom\" style=\"background-color: #fcfcfc;\"><div class=\"l-section-h i-cf\"><div class=\"g-cols offset_small\"><div class=\"vc_col-sm-12 wpb_column vc_column_container\"><div class=\"vc_column-inner\">[vc_custom_heading text=&#8221;\u015eof\u00f6rl\u00fc \u00f6zel transfer&#8221; font_container=&#8221;tag:h2|text_align:center|color:%23de0202&#8243; use_theme_fonts=&#8221;yes&#8221;]<div class=\"w-separator type_short size_medium thick_2 style_solid color_primary cont_none\"><span class=\"w-separator-h\"><\/span><\/div><div class=\"g-cols wpb_row offset_small vc_inner \"><div class=\"vc_col-sm-6 wpb_column vc_column_container\"><div class=\"vc_column-inner\"><div class=\"w-image\"><div class=\"us-frame\"><img loading=\"lazy\" decoding=\"async\" width=\"700\" height=\"466\" src=\"https:\/\/www.quantum-travel.com.gr\/wp-content\/uploads\/2016\/08\/chauffeur-page.jpg\" class=\"attachment-full size-full\" alt=\"chauffeur\" srcset=\"https:\/\/www.quantum-travel.com.gr\/wp-content\/uploads\/2016\/08\/chauffeur-page.jpg 700w, https:\/\/www.quantum-travel.com.gr\/wp-content\/uploads\/2016\/08\/chauffeur-page-300x200.jpg 300w, https:\/\/www.quantum-travel.com.gr\/wp-content\/uploads\/2016\/08\/chauffeur-page-600x399.jpg 600w\" sizes=\"auto, (max-width: 700px) 100vw, 700px\" \/><\/div><\/div><\/div><\/div><div class=\"vc_col-sm-6 wpb_column vc_column_container\"><div class=\"vc_column-inner\"><div class=\"wpb_text_column \"><div class=\"wpb_wrapper\">\n<h4 style=\"text-align: justify;\">Art\u0131k ula\u015f\u0131m\u0131n\u0131z, siz veya yakinlariniz icin kolay ve g\u00fcvenli hale geliyor!<\/h4>\n<p style=\"text-align: justify;\">Art\u0131k herkes &#8220;Manos Rent a Car&#8221; dan \u00f6zel \u015eof\u00f6r Servisi ile kendi \u015fof\u00f6r\u00fcne sahip olabilir. Deneyimli \u015fof\u00f6rler hava liman\u0131nda veya limanda sizi bekliyor olacak ve sizi nereye isterseniz onlara sordu\u011funuz yere aktararak amac\u0131n\u0131z\u0131 tamamlamak isteyecektir. Birinci s\u0131n\u0131f seyahat edin, g\u00fcvenli ve g\u00fcvenilir sekilde kap\u0131dan kap\u0131ya hizmetle stresden ka\u00e7\u0131n\u0131n. Sadece s\u00fcr\u00fc\u015f ve g\u00fczergah planlamas\u0131n\u0131 bize b\u0131rak\u0131n ve s\u00fcr\u00fc\u015fun keyfini ya\u015fay\u0131n. Ki\u015fisel gereksinimlerinize g\u00f6re haz\u0131rlanm\u0131\u015f turlar, en g\u00fczel yerlerin cazibesini ya\u015faman\u0131za olanak tan\u0131r. Ki\u015fisel \u015fof\u00f6r rehberiniz e\u015fli\u011finde, ziyaret etti\u011finiz yerlerin tad\u0131n\u0131 \u00e7\u0131karman\u0131z i\u00e7in bol zaman\u0131n\u0131z olacak.<\/p>\n<\/div> <\/div> <\/div><\/div><\/div>[vc_empty_space]<div class=\"g-cols wpb_row offset_none vc_inner \"><div class=\"vc_col-sm-2 wpb_column vc_column_container\"><div class=\"vc_column-inner\"><\/div><\/div><div class=\"vc_col-sm-8 wpb_column vc_column_container\"><div class=\"vc_column-inner\"><div id=\"ultimate-heading-281069e64ab430a59\" class=\"uvc-heading ult-adjust-bottom-margin ultimate-heading-281069e64ab430a59 uvc-7401 \" data-hspacer=\"icon_only\"  data-halign=\"center\" style=\"text-align:center\"><div class=\"uvc-heading-spacer icon_only\" style=\"top\"><div class=\"ult-just-icon-wrapper  \"><div class=\"align-icon\" style=\"text-align:center;\">\n<div class=\"aio-icon none \"  style=\"color:#dd3333;font-size:32px;display:inline-block;\">\n\t<i class=\"Defaults-calendar\"><\/i>\n<\/div><\/div><\/div><\/div><div class=\"uvc-main-heading ult-responsive\"  data-ultimate-target='.uvc-heading.ultimate-heading-281069e64ab430a59 h2'  data-responsive-json-new='{\"font-size\":\"\",\"line-height\":\"\"}' ><h2 style=\"font-weight:normal;\">SOFOR SERVISI ICIN SIMDI REZERVASYON YAP<\/h2><\/div><\/div>[vc_empty_space]<div class=\"wpb_text_column \"><div class=\"wpb_wrapper\">\n<div class=\"wpcf7 no-js\" id=\"wpcf7-f6827-o1\" lang=\"en-US\" dir=\"ltr\" data-wpcf7-id=\"6827\">\n<div class=\"screen-reader-response\"><p role=\"status\" aria-live=\"polite\" aria-atomic=\"true\"><\/p> <ul><\/ul><\/div>\n<form action=\"\/tr\/wp-json\/wp\/v2\/pages\/6821#wpcf7-f6827-o1\" method=\"post\" class=\"wpcf7-form init cf7skins cf7t-grid-pro cf7s-vanilla\" aria-label=\"Contact form\" novalidate=\"novalidate\" data-status=\"init\">\n<div style=\"display: none;\">\n<input type=\"hidden\" name=\"_wpcf7\" value=\"6827\" \/>\n<input type=\"hidden\" name=\"_wpcf7_version\" value=\"6.0.3\" \/>\n<input type=\"hidden\" name=\"_wpcf7_locale\" value=\"en_US\" \/>\n<input type=\"hidden\" name=\"_wpcf7_unit_tag\" value=\"wpcf7-f6827-o1\" \/>\n<input type=\"hidden\" name=\"_wpcf7_container_post\" value=\"0\" \/>\n<input type=\"hidden\" name=\"_wpcf7_posted_data_hash\" value=\"\" \/>\n<input type=\"hidden\" name=\"_wpcf7_recaptcha_response\" value=\"\" \/>\n<\/div>\n<fieldset>\n\t<legend>KISISEL BILGI<\/legend>\n\t<ol class=\"grid\">\n\t\t<ol data-row-span=\"5\">\n\t\t\t<li data-field-span=\"1\"><label for=\"\"\/><span class=\"wpcf7-form-control-wrap\" data-name=\"your-sex\"><select class=\"wpcf7-form-control wpcf7-select\" aria-invalid=\"false\" name=\"your-sex\"><option value=\"Bay\">Bay<\/option><option value=\"Bayan\">Bayan<\/option><\/select><\/span><\/li>\n\t\t<\/ol>\n\t\t<ol data-row-span=\"3\">\n\t\t\t<li data-field-span=\"1\"><label for=\"\"> Isim <em class=\"cf7s-reqd\">*<\/em> <\/label><span class=\"wpcf7-form-control-wrap\" data-name=\"your-name\"><input size=\"40\" maxlength=\"400\" class=\"wpcf7-form-control wpcf7-text wpcf7-validates-as-required\" aria-required=\"true\" aria-invalid=\"false\" value=\"\" type=\"text\" name=\"your-name\" \/><\/span> <\/li>\n                        <li data-field-span=\"1\"><label for=\"\"> Email <em class=\"cf7s-reqd\">*<\/em> <\/label><span class=\"wpcf7-form-control-wrap\" data-name=\"your-email\"><input size=\"40\" maxlength=\"400\" class=\"wpcf7-form-control wpcf7-email wpcf7-validates-as-required wpcf7-text wpcf7-validates-as-email\" aria-required=\"true\" aria-invalid=\"false\" value=\"\" type=\"email\" name=\"your-email\" \/><\/span> <\/li>\n                        <li data-field-span=\"1\"><label for=\"\"> Telefon <em class=\"cf7s-reqd\">*<\/em> <\/label><span class=\"wpcf7-form-control-wrap\" data-name=\"your-telephone\"><input size=\"40\" maxlength=\"400\" class=\"wpcf7-form-control wpcf7-tel wpcf7-validates-as-required wpcf7-text wpcf7-validates-as-tel\" aria-required=\"true\" aria-invalid=\"false\" value=\"\" type=\"tel\" name=\"your-telephone\" \/><\/span> <\/li>\n\t\t<\/ol>\n\t\t<ol data-row-span=\"3\">\n\t\t\t<li data-field-span=\"1\"><label for=\"\"> Ulke <em class=\"cf7s-reqd\">*<\/em> <\/label><span class=\"wpcf7-form-control-wrap\" data-name=\"your-country\"><input size=\"40\" maxlength=\"400\" class=\"wpcf7-form-control wpcf7-text wpcf7-validates-as-required\" aria-required=\"true\" aria-invalid=\"false\" value=\"\" type=\"text\" name=\"your-country\" \/><\/span> <\/li>\n\t\t\t<li data-field-span=\"1\"><label for=\"\"> Sehir <em class=\"cf7s-reqd\">*<\/em> <\/label><span class=\"wpcf7-form-control-wrap\" data-name=\"your-city\"><input size=\"40\" maxlength=\"400\" class=\"wpcf7-form-control wpcf7-text wpcf7-validates-as-required\" aria-required=\"true\" aria-invalid=\"false\" value=\"\" type=\"text\" name=\"your-city\" \/><\/span> <\/li>\n\t\t\t<li data-field-span=\"1\"><label for=\"\"> Adres <em class=\"cf7s-reqd\">*<\/em> <\/label><span class=\"wpcf7-form-control-wrap\" data-name=\"your-address\"><input size=\"40\" maxlength=\"400\" class=\"wpcf7-form-control wpcf7-text wpcf7-validates-as-required\" aria-required=\"true\" aria-invalid=\"false\" value=\"\" type=\"text\" name=\"your-address\" \/><\/span> <\/li>\n\t\t<\/ol>\n\t\t<ol data-row-span=\"2\">\n\t\t\t<li data-field-span=\"1\"><label for=\"your-arrivaldate\"> Var\u0131\u015f tarihi <em class=\"cf7s-reqd\">*<\/em> <\/label><span class=\"wpcf7-form-control-wrap\" data-name=\"your-arrivaldate\"><input class=\"wpcf7-form-control wpcf7-date wpcf7-validates-as-required wpcf7-validates-as-date\" min=\"2016-01-01\" max=\"2025-12-31\" aria-required=\"true\" aria-invalid=\"false\" value=\"\" type=\"date\" name=\"your-arrivaldate\" \/><\/span> <\/li>\n\t\t\t<li data-field-span=\"1\"><label for=\"your-departuredate\"> Ayr\u0131l\u0131\u015f tarihi <em class=\"cf7s-reqd\">*<\/em> <\/label><span class=\"wpcf7-form-control-wrap\" data-name=\"your-departuredate\"><input class=\"wpcf7-form-control wpcf7-date wpcf7-validates-as-required wpcf7-validates-as-date\" min=\"2016-01-01\" max=\"2025-12-31\" aria-required=\"true\" aria-invalid=\"false\" value=\"\" type=\"date\" name=\"your-departuredate\" \/><\/span> <\/li>\n\t\t<\/ol>\n         <legend>YOLCULAR<\/legend>\n\t\t<ol data-row-span=\"5\">\n\t\t\t<li data-field-span=\"1\"><label for=\"\"> Yetiskin <\/label><span class=\"wpcf7-form-control-wrap\" data-name=\"your-adultnumber\"><input size=\"40\" maxlength=\"400\" class=\"wpcf7-form-control wpcf7-text\" aria-invalid=\"false\" value=\"\" type=\"text\" name=\"your-adultnumber\" \/><\/span> <\/li>\n\t\t\t<li data-field-span=\"1\"><label for=\"\"> Cocuk <\/label><span class=\"wpcf7-form-control-wrap\" data-name=\"your-childnumber\"><input size=\"40\" maxlength=\"400\" class=\"wpcf7-form-control wpcf7-text\" aria-invalid=\"false\" value=\"\" type=\"text\" name=\"your-childnumber\" \/><\/span> <\/li>\n\t\t\t<li data-field-span=\"1\"><label for=\"\"> Bebek <\/label><span class=\"wpcf7-form-control-wrap\" data-name=\"your-infantnumber\"><input size=\"40\" maxlength=\"400\" class=\"wpcf7-form-control wpcf7-text\" aria-invalid=\"false\" value=\"\" type=\"text\" name=\"your-infantnumber\" \/><\/span> <\/li>\n\t\t<\/ol>\n\t\t<ol data-row-span=\"1\">\n\t\t\t<li data-field-span=\"1\"><label for=\"\"> Mesaj <\/label><span class=\"wpcf7-form-control-wrap\" data-name=\"your-message\"><textarea cols=\"40\" rows=\"10\" maxlength=\"2000\" class=\"wpcf7-form-control wpcf7-textarea\" aria-invalid=\"false\" placeholder=\"Ozel sartlarinizi \/ Sorularinizi yazin  ...\" name=\"your-message\"><\/textarea><\/span> <\/li>\n\t\t<\/ol>\n<\/ol><\/fieldset>\n<input class=\"wpcf7-form-control wpcf7-submit has-spinner\" type=\"submit\" value=\"BILGI AL\" \/>\n<p>*Zorunlu alanlar<\/p><p style=\"display: none !important;\" class=\"akismet-fields-container\" data-prefix=\"_wpcf7_ak_\"><label>&#916;<textarea name=\"_wpcf7_ak_hp_textarea\" cols=\"45\" rows=\"8\" maxlength=\"100\"><\/textarea><\/label><input type=\"hidden\" id=\"ak_js_1\" name=\"_wpcf7_ak_js\" value=\"67\"\/><script>document.getElementById( \"ak_js_1\" ).setAttribute( \"value\", ( new Date() ).getTime() );<\/script><\/p><div class=\"wpcf7-response-output\" aria-hidden=\"true\"><\/div>\n<\/form>\n<\/div>\n<\/div> <\/div> <\/div><\/div><div class=\"vc_col-sm-2 wpb_column vc_column_container\"><div class=\"vc_column-inner\"><\/div><\/div><\/div><\/div><\/div><\/div><\/div><\/section>\n","protected":false},"excerpt":{"rendered":"[vc_custom_heading text=\"\u015eof\u00f6rl\u00fc \u00f6zel transfer\" font_container=\"tag:h2|text_align:center|color:%23de0202\" use_theme_fonts=\"yes\"] Art\u0131k ula\u015f\u0131m\u0131n\u0131z, siz veya yakinlariniz icin kolay ve g\u00fcvenli hale geliyor! Art\u0131k herkes \"Manos Rent a Car\" dan \u00f6zel \u015eof\u00f6r Servisi ile kendi \u015fof\u00f6r\u00fcne...","protected":false},"author":1,"featured_media":0,"parent":0,"menu_order":0,"comment_status":"closed","ping_status":"closed","template":"","meta":{"_monsterinsights_skip_tracking":false,"_monsterinsights_sitenote_active":false,"_monsterinsights_sitenote_note":"","_monsterinsights_sitenote_category":0,"footnotes":""},"class_list":["post-6821","page","type-page","status-publish","hentry"],"_links":{"self":[{"href":"https:\/\/www.quantum-travel.com.gr\/tr\/wp-json\/wp\/v2\/pages\/6821","targetHints":{"allow":["GET"]}}],"collection":[{"href":"https:\/\/www.quantum-travel.com.gr\/tr\/wp-json\/wp\/v2\/pages"}],"about":[{"href":"https:\/\/www.quantum-travel.com.gr\/tr\/wp-json\/wp\/v2\/types\/page"}],"author":[{"embeddable":true,"href":"https:\/\/www.quantum-travel.com.gr\/tr\/wp-json\/wp\/v2\/users\/1"}],"replies":[{"embeddable":true,"href":"https:\/\/www.quantum-travel.com.gr\/tr\/wp-json\/wp\/v2\/comments?post=6821"}],"version-history":[{"count":4,"href":"https:\/\/www.quantum-travel.com.gr\/tr\/wp-json\/wp\/v2\/pages\/6821\/revisions"}],"predecessor-version":[{"id":6828,"href":"https:\/\/www.quantum-travel.com.gr\/tr\/wp-json\/wp\/v2\/pages\/6821\/revisions\/6828"}],"wp:attachment":[{"href":"https:\/\/www.quantum-travel.com.gr\/tr\/wp-json\/wp\/v2\/media?parent=6821"}],"curies":[{"name":"wp","href":"https:\/\/api.w.org\/{rel}","templated":true}]}}