{"id":6769,"date":"2016-08-04T09:31:38","date_gmt":"2016-08-04T09:31:38","guid":{"rendered":"http:\/\/www.manos-travel.com\/samos-island-tour\/"},"modified":"2017-06-14T18:24:04","modified_gmt":"2017-06-14T18:24:04","slug":"samos-adasi-turu","status":"publish","type":"page","link":"https:\/\/www.quantum-travel.com.gr\/tr\/samos-adasi-turu\/","title":{"rendered":"Samos Adasi Turu"},"content":{"rendered":"<section class=\"l-section wpb_row height_medium color_custom\" style=\"background-color: #fcfcfc;\"><div class=\"l-section-h i-cf\"><div class=\"g-cols offset_small\"><div class=\"vc_col-sm-12 wpb_column vc_column_container\"><div class=\"vc_column-inner\">[vc_custom_heading text=&#8221;DOGU SAMOS ADASI TURU&#8221; font_container=&#8221;tag:h2|text_align:center|color:%23de0202&#8243; use_theme_fonts=&#8221;yes&#8221;]<div class=\"w-separator type_short size_medium thick_2 style_solid color_primary cont_none\"><span class=\"w-separator-h\"><\/span><\/div><div class=\"wpb_text_column \"><div class=\"wpb_wrapper\">\n<p style=\"text-align: justify;\">Ada turu, efsanevi g\u00fczellikteki bir ada olan Samos&#8217;taki t\u00fcm ana alanlari kapsayan b\u00fcy\u00fcleyici bir gezi. Pisagor\u2019un do\u011fu\u015fu ve g\u00fczel tanr\u0131\u00e7a Hera&#8217;n\u0131n evi olan Samos, e\u015fsiz ihti\u015fam\u0131, k\u00fclt\u00fcrel gelenekleri ve pitoresk cazibesiyle mavi Ege adas\u0131ndan ayr\u0131 duruyor. Samos halk\u0131 \u00e7ok samimi ve y\u00fcrekli olarak kabul ediliyor. Bir ziyaret\u00e7inin karsilastigi s\u0131cak konukseverlige hayran kalacaks\u0131n\u0131z. Samos, bitki \u00f6rt\u00fcs\u00fc ve bitki \u00f6mr\u00fc ile \u00fcnl\u00fc ye\u015filin yan\u0131 s\u0131ra tarihi bir adad\u0131r.Ada turunda arkeolojik alanlar, da\u011flar, plajlar, k\u00f6yler veya di\u011fer ilgi \u00e7ekici yerler ile tanismak Samos&#8217;ta iyice e\u011flenme f\u0131rsat\u0131 verir.<\/p>\n<p style=\"text-align: justify;\"><strong>TUR PROGRAMI \u2013 DAHIL OLAN HIZMETLER<\/strong><\/p>\n<p style=\"text-align: justify;\"><strong>1) <\/strong>Hera tap\u0131na\u011f\u0131ni ziyaret (giri\u015f \u00fccretine dahildir ancak site i\u00e7inde rehberlik teklifi sunmuyoruz).<\/p>\n<p style=\"text-align: justify;\"><strong>2) <\/strong>Buyuk Meryem Ana Manast\u0131r\u0131&#8217;n\u0131 gezip dola\u015ft\u0131rmak.<\/p>\n<p style=\"text-align: justify;\"><strong>3) <\/strong>Pirgos k\u00f6y\u00fcnde k\u0131sa bir y\u00fcr\u00fcy\u00fc\u015f.<\/p>\n<p style=\"text-align: justify;\"><strong>4)\u00a0<\/strong>Koutsi alan\u0131nda iste\u011fe ba\u011fl\u0131 durma, panoramik foto\u011fraflar \u00e7ekebilece\u011finiz ideal bir yer.<\/p>\n<p style=\"text-align: justify;\"><strong>5)\u00a0<\/strong>Karlovasi&#8217;de (Bir \u00c7\u00f6mlek\u00e7ilikte) durma ve baz\u0131 yerel seramikleri (veya alternatif olarak Pirgos b\u00f6lgesinde) g\u00f6rme sansi.<\/p>\n<p style=\"text-align: justify;\"><strong>6) <\/strong>\u015earap fabrikas\u0131n\u0131 ziyaret edin ve \u00fcnl\u00fc Samos \u015faraplar\u0131n\u0131n tad\u0131n\u0131 \u00e7\u0131kar\u0131n (Pazar g\u00fcnleri ada turuna dahil de\u011fildir). \u00d6\u011fle yeme\u011fi Karlovasi veya Potami b\u00f6lgesinde (fiyata dahil de\u011fildir).<\/p>\n<p style=\"text-align: justify;\"><strong>7)\u00a0<\/strong>Platanakya&#8217;da mola ve k\u00f6ye dogru kisa bir yuruyus. Kat\u0131l\u0131m\u0131n d\u00fc\u015f\u00fck olmas\u0131 halinde turun ayn\u0131 anda iki dilde (\u00f6rne\u011fin Hollandaca-Almanca) olabilecegini unutmay\u0131n.<\/p>\n<\/div> <\/div> <div class=\"w-slider\"><div class=\"us-frame\"><div class=\"royalSlider rsDefault\"><div class=\"rsContent\"><img decoding=\"async\" class=\"rsImg\" data-rsw=\"974\" data-rsh=\"545\" src=\"https:\/\/www.quantum-travel.com.gr\/wp-content\/uploads\/2016\/08\/hera.jpg\"><img loading=\"lazy\" decoding=\"async\" width=\"150\" height=\"150\" src=\"https:\/\/www.quantum-travel.com.gr\/wp-content\/uploads\/2016\/08\/hera-150x150.jpg\" class=\"rsTmb\" alt=\"\" srcset=\"https:\/\/www.quantum-travel.com.gr\/wp-content\/uploads\/2016\/08\/hera-150x150.jpg 150w, https:\/\/www.quantum-travel.com.gr\/wp-content\/uploads\/2016\/08\/hera-350x350.jpg 350w\" sizes=\"auto, (max-width: 150px) 100vw, 150px\" \/><\/div><div class=\"rsContent\"><img decoding=\"async\" class=\"rsImg\" data-rsw=\"974\" data-rsh=\"545\" src=\"https:\/\/www.quantum-travel.com.gr\/wp-content\/uploads\/2016\/08\/megali-panagia.jpg\"><img loading=\"lazy\" decoding=\"async\" width=\"150\" height=\"150\" src=\"https:\/\/www.quantum-travel.com.gr\/wp-content\/uploads\/2016\/08\/megali-panagia-150x150.jpg\" class=\"rsTmb\" alt=\"\" srcset=\"https:\/\/www.quantum-travel.com.gr\/wp-content\/uploads\/2016\/08\/megali-panagia-150x150.jpg 150w, https:\/\/www.quantum-travel.com.gr\/wp-content\/uploads\/2016\/08\/megali-panagia-350x350.jpg 350w\" sizes=\"auto, (max-width: 150px) 100vw, 150px\" \/><\/div><div class=\"rsContent\"><img decoding=\"async\" class=\"rsImg\" data-rsw=\"974\" data-rsh=\"545\" src=\"https:\/\/www.quantum-travel.com.gr\/wp-content\/uploads\/2016\/08\/pyrgos.jpg\"><img loading=\"lazy\" decoding=\"async\" width=\"150\" height=\"150\" src=\"https:\/\/www.quantum-travel.com.gr\/wp-content\/uploads\/2016\/08\/pyrgos-150x150.jpg\" class=\"rsTmb\" alt=\"\" srcset=\"https:\/\/www.quantum-travel.com.gr\/wp-content\/uploads\/2016\/08\/pyrgos-150x150.jpg 150w, https:\/\/www.quantum-travel.com.gr\/wp-content\/uploads\/2016\/08\/pyrgos-350x350.jpg 350w\" sizes=\"auto, (max-width: 150px) 100vw, 150px\" \/><\/div><div class=\"rsContent\"><img decoding=\"async\" class=\"rsImg\" data-rsw=\"974\" data-rsh=\"545\" src=\"https:\/\/www.quantum-travel.com.gr\/wp-content\/uploads\/2016\/08\/potami.jpg\"><img loading=\"lazy\" decoding=\"async\" width=\"150\" height=\"150\" src=\"https:\/\/www.quantum-travel.com.gr\/wp-content\/uploads\/2016\/08\/potami-150x150.jpg\" class=\"rsTmb\" alt=\"\" srcset=\"https:\/\/www.quantum-travel.com.gr\/wp-content\/uploads\/2016\/08\/potami-150x150.jpg 150w, https:\/\/www.quantum-travel.com.gr\/wp-content\/uploads\/2016\/08\/potami-350x350.jpg 350w\" sizes=\"auto, (max-width: 150px) 100vw, 150px\" \/><\/div><div class=\"rsContent\"><img decoding=\"async\" class=\"rsImg\" data-rsw=\"974\" data-rsh=\"545\" src=\"https:\/\/www.quantum-travel.com.gr\/wp-content\/uploads\/2016\/08\/platanakia.jpg\"><img loading=\"lazy\" decoding=\"async\" width=\"150\" height=\"150\" src=\"https:\/\/www.quantum-travel.com.gr\/wp-content\/uploads\/2016\/08\/platanakia-150x150.jpg\" class=\"rsTmb\" alt=\"\" srcset=\"https:\/\/www.quantum-travel.com.gr\/wp-content\/uploads\/2016\/08\/platanakia-150x150.jpg 150w, https:\/\/www.quantum-travel.com.gr\/wp-content\/uploads\/2016\/08\/platanakia-350x350.jpg 350w\" sizes=\"auto, (max-width: 150px) 100vw, 150px\" \/><\/div><\/div><div class=\"w-slider-json\" onclick='return {&quot;transitionSpeed&quot;:300,&quot;loopRewind&quot;:true,&quot;slidesSpacing&quot;:0,&quot;imageScalePadding&quot;:0,&quot;numImagesToPreload&quot;:2,&quot;arrowsNav&quot;:true,&quot;arrowsNavAutoHide&quot;:false,&quot;transitionType&quot;:&quot;fade&quot;,&quot;block&quot;:{&quot;moveEffect&quot;:&quot;none&quot;,&quot;speed&quot;:300},&quot;controlNavigation&quot;:&quot;thumbnails&quot;,&quot;imageScaleMode&quot;:&quot;fit-if-smaller&quot;,&quot;autoScaleSlider&quot;:true,&quot;autoScaleSliderWidth&quot;:974,&quot;autoScaleSliderHeight&quot;:545,&quot;fitInViewport&quot;:false}'><\/div><\/div><\/div>[vc_empty_space]<div class=\"g-cols wpb_row offset_none vc_inner \"><div class=\"vc_col-sm-2 wpb_column vc_column_container\"><div class=\"vc_column-inner\"><\/div><\/div><div class=\"vc_col-sm-8 wpb_column vc_column_container\"><div class=\"vc_column-inner\"><div id=\"ultimate-heading-191169e64a619312e\" class=\"uvc-heading ult-adjust-bottom-margin ultimate-heading-191169e64a619312e uvc-6982 \" data-hspacer=\"icon_only\"  data-halign=\"center\" style=\"text-align:center\"><div class=\"uvc-heading-spacer icon_only\" style=\"top\"><div class=\"ult-just-icon-wrapper  \"><div class=\"align-icon\" style=\"text-align:center;\">\n<div class=\"aio-icon none \"  style=\"color:#dd3333;font-size:32px;display:inline-block;\">\n\t<i class=\"Defaults-calendar\"><\/i>\n<\/div><\/div><\/div><\/div><div class=\"uvc-main-heading ult-responsive\"  data-ultimate-target='.uvc-heading.ultimate-heading-191169e64a619312e h2'  data-responsive-json-new='{\"font-size\":\"\",\"line-height\":\"\"}' ><h2 style=\"font-weight:normal;\">TUR ICIN SIMDI REZERVASYON YAP<\/h2><\/div><\/div>[vc_empty_space]<div class=\"wpb_text_column \"><div class=\"wpb_wrapper\">\n<div class=\"wpcf7 no-js\" id=\"wpcf7-f6809-o1\" lang=\"en-US\" dir=\"ltr\" data-wpcf7-id=\"6809\">\n<div class=\"screen-reader-response\"><p role=\"status\" aria-live=\"polite\" aria-atomic=\"true\"><\/p> <ul><\/ul><\/div>\n<form action=\"\/tr\/wp-json\/wp\/v2\/pages\/6769#wpcf7-f6809-o1\" method=\"post\" class=\"wpcf7-form init cf7skins cf7t-grid-pro cf7s-vanilla\" aria-label=\"Contact form\" novalidate=\"novalidate\" data-status=\"init\">\n<div style=\"display: none;\">\n<input type=\"hidden\" name=\"_wpcf7\" value=\"6809\" \/>\n<input type=\"hidden\" name=\"_wpcf7_version\" value=\"6.0.3\" \/>\n<input type=\"hidden\" name=\"_wpcf7_locale\" value=\"en_US\" \/>\n<input type=\"hidden\" name=\"_wpcf7_unit_tag\" value=\"wpcf7-f6809-o1\" \/>\n<input type=\"hidden\" name=\"_wpcf7_container_post\" value=\"0\" \/>\n<input type=\"hidden\" name=\"_wpcf7_posted_data_hash\" value=\"\" \/>\n<input type=\"hidden\" name=\"_wpcf7_recaptcha_response\" value=\"\" \/>\n<\/div>\n<fieldset>\n\t<legend>KISISEL BILGI<\/legend>\n\t<ol class=\"grid\">\n\t\t<ol data-row-span=\"5\">\n\t\t\t<li data-field-span=\"1\"><label for=\"\"\/><span class=\"wpcf7-form-control-wrap\" data-name=\"your-sex\"><select class=\"wpcf7-form-control wpcf7-select\" aria-invalid=\"false\" name=\"your-sex\"><option value=\"Bay\">Bay<\/option><option value=\"Bayan\">Bayan<\/option><\/select><\/span><\/li>\n\t\t<\/ol>\n\t\t<ol data-row-span=\"2\">\n\t\t\t<li data-field-span=\"1\"><label for=\"\"> Isim <em class=\"cf7s-reqd\">*<\/em> <\/label><span class=\"wpcf7-form-control-wrap\" data-name=\"your-name\"><input size=\"40\" maxlength=\"400\" class=\"wpcf7-form-control wpcf7-text wpcf7-validates-as-required\" aria-required=\"true\" aria-invalid=\"false\" value=\"\" type=\"text\" name=\"your-name\" \/><\/span> <\/li>\n                        <li data-field-span=\"1\"><label for=\"\"> Email <em class=\"cf7s-reqd\">*<\/em> <\/label><span class=\"wpcf7-form-control-wrap\" data-name=\"your-email\"><input size=\"40\" maxlength=\"400\" class=\"wpcf7-form-control wpcf7-email wpcf7-validates-as-required wpcf7-text wpcf7-validates-as-email\" aria-required=\"true\" aria-invalid=\"false\" value=\"\" type=\"email\" name=\"your-email\" \/><\/span> <\/li>\n\t\t<\/ol>\n\t\t<ol data-row-span=\"2\">\n\t\t\t<li data-field-span=\"1\"><label for=\"\"> Telefon <em class=\"cf7s-reqd\">*<\/em> <\/label><span class=\"wpcf7-form-control-wrap\" data-name=\"your-telephone\"><input size=\"40\" maxlength=\"400\" class=\"wpcf7-form-control wpcf7-tel wpcf7-validates-as-required wpcf7-text wpcf7-validates-as-tel\" aria-required=\"true\" aria-invalid=\"false\" value=\"\" type=\"tel\" name=\"your-telephone\" \/><\/span> <\/li>\n\t\t\t<li data-field-span=\"1\"><label for=\"your-tourdate\"> Tur Tarihi <em class=\"cf7s-reqd\">*<\/em> <\/label><span class=\"wpcf7-form-control-wrap\" data-name=\"your-tourdate\"><input class=\"wpcf7-form-control wpcf7-date wpcf7-validates-as-required wpcf7-validates-as-date\" min=\"2016-01-01\" max=\"2025-12-31\" aria-required=\"true\" aria-invalid=\"false\" value=\"\" type=\"date\" name=\"your-tourdate\" \/><\/span> <\/li>\n\t\t<\/ol>\n         <legend>YOLCULAR<\/legend>\n\t\t<ol data-row-span=\"5\">\n\t\t\t<li data-field-span=\"1\"><label for=\"\"> Yetiskin <\/label><span class=\"wpcf7-form-control-wrap\" data-name=\"your-adultnumber\"><input size=\"40\" maxlength=\"400\" class=\"wpcf7-form-control wpcf7-text\" aria-invalid=\"false\" value=\"\" type=\"text\" name=\"your-adultnumber\" \/><\/span> <\/li>\n\t\t\t<li data-field-span=\"1\"><label for=\"\"> Cocuk <\/label><span class=\"wpcf7-form-control-wrap\" data-name=\"your-childnumber\"><input size=\"40\" maxlength=\"400\" class=\"wpcf7-form-control wpcf7-text\" aria-invalid=\"false\" value=\"\" type=\"text\" name=\"your-childnumber\" \/><\/span> <\/li>\n\t\t\t<li data-field-span=\"1\"><label for=\"\"> Bebek <\/label><span class=\"wpcf7-form-control-wrap\" data-name=\"your-infantnumber\"><input size=\"40\" maxlength=\"400\" class=\"wpcf7-form-control wpcf7-text\" aria-invalid=\"false\" value=\"\" type=\"text\" name=\"your-infantnumber\" \/><\/span> <\/li>\n\t\t<\/ol>\n\t\t<ol data-row-span=\"1\">\n\t\t\t<li data-field-span=\"1\"><label for=\"\"> Mesaj <\/label><span class=\"wpcf7-form-control-wrap\" data-name=\"your-message\"><textarea cols=\"40\" rows=\"10\" maxlength=\"2000\" class=\"wpcf7-form-control wpcf7-textarea\" aria-invalid=\"false\" placeholder=\"Ozel sartlarinizi \/ Sorularinizi yazin ...\" name=\"your-message\"><\/textarea><\/span> <\/li>\n\t\t<\/ol>\n<\/ol><\/fieldset>\n<input class=\"wpcf7-form-control wpcf7-submit has-spinner\" type=\"submit\" value=\"BILGI AL\" \/>\n<p>*Zorunlu alanlar<\/p><p style=\"display: none !important;\" class=\"akismet-fields-container\" data-prefix=\"_wpcf7_ak_\"><label>&#916;<textarea name=\"_wpcf7_ak_hp_textarea\" cols=\"45\" rows=\"8\" maxlength=\"100\"><\/textarea><\/label><input type=\"hidden\" id=\"ak_js_1\" name=\"_wpcf7_ak_js\" value=\"122\"\/><script>document.getElementById( \"ak_js_1\" ).setAttribute( \"value\", ( new Date() ).getTime() );<\/script><\/p><div class=\"wpcf7-response-output\" aria-hidden=\"true\"><\/div>\n<\/form>\n<\/div>\n<\/div> <\/div> <\/div><\/div><div class=\"vc_col-sm-2 wpb_column vc_column_container\"><div class=\"vc_column-inner\"><\/div><\/div><\/div><\/div><\/div><\/div><\/div><\/section>\n","protected":false},"excerpt":{"rendered":"[vc_custom_heading text=\"DOGU SAMOS ADASI TURU\" font_container=\"tag:h2|text_align:center|color:%23de0202\" use_theme_fonts=\"yes\"] Ada turu, efsanevi g\u00fczellikteki bir ada olan Samos'taki t\u00fcm ana alanlari kapsayan b\u00fcy\u00fcleyici bir gezi. Pisagor\u2019un do\u011fu\u015fu ve g\u00fczel tanr\u0131\u00e7a Hera'n\u0131n evi olan...","protected":false},"author":1,"featured_media":0,"parent":0,"menu_order":0,"comment_status":"closed","ping_status":"closed","template":"","meta":{"_monsterinsights_skip_tracking":false,"_monsterinsights_sitenote_active":false,"_monsterinsights_sitenote_note":"","_monsterinsights_sitenote_category":0,"footnotes":""},"class_list":["post-6769","page","type-page","status-publish","hentry"],"_links":{"self":[{"href":"https:\/\/www.quantum-travel.com.gr\/tr\/wp-json\/wp\/v2\/pages\/6769","targetHints":{"allow":["GET"]}}],"collection":[{"href":"https:\/\/www.quantum-travel.com.gr\/tr\/wp-json\/wp\/v2\/pages"}],"about":[{"href":"https:\/\/www.quantum-travel.com.gr\/tr\/wp-json\/wp\/v2\/types\/page"}],"author":[{"embeddable":true,"href":"https:\/\/www.quantum-travel.com.gr\/tr\/wp-json\/wp\/v2\/users\/1"}],"replies":[{"embeddable":true,"href":"https:\/\/www.quantum-travel.com.gr\/tr\/wp-json\/wp\/v2\/comments?post=6769"}],"version-history":[{"count":4,"href":"https:\/\/www.quantum-travel.com.gr\/tr\/wp-json\/wp\/v2\/pages\/6769\/revisions"}],"predecessor-version":[{"id":6813,"href":"https:\/\/www.quantum-travel.com.gr\/tr\/wp-json\/wp\/v2\/pages\/6769\/revisions\/6813"}],"wp:attachment":[{"href":"https:\/\/www.quantum-travel.com.gr\/tr\/wp-json\/wp\/v2\/media?parent=6769"}],"curies":[{"name":"wp","href":"https:\/\/api.w.org\/{rel}","templated":true}]}}