{"id":6755,"date":"2016-08-03T17:45:40","date_gmt":"2016-08-03T17:45:40","guid":{"rendered":"http:\/\/www.manos-travel.com\/samos-gunluk-turlar\/river-trekking-rappel-day\/"},"modified":"2017-06-14T17:20:50","modified_gmt":"2017-06-14T17:20:50","slug":"nehir-yuruyusu-magara-rappelling","status":"publish","type":"page","link":"https:\/\/www.quantum-travel.com.gr\/tr\/samos-gunluk-turlar\/nehir-yuruyusu-magara-rappelling\/","title":{"rendered":"Nehir yuruyusu, magara &#038; rappelling"},"content":{"rendered":"<section class=\"l-section wpb_row height_medium\"><div class=\"l-section-h i-cf\"><div class=\"g-cols offset_small\"><div class=\"vc_col-sm-12 wpb_column vc_column_container\"><div class=\"vc_column-inner\">[vc_custom_heading text=&#8221;Nehir yuruyusu, magara &amp; rappelling&#8221; font_container=&#8221;tag:h2|text_align:center|color:%23de0202&#8243; use_theme_fonts=&#8221;yes&#8221;]<div class=\"w-separator type_short size_medium thick_2 style_solid color_primary cont_none\"><span class=\"w-separator-h\"><\/span><\/div><div class=\"uavc-list-icon uavc-list-icon-wrapper ult-adjust-bottom-margin   \"><ul class=\"uavc-list\"><li><div class=\"uavc-list-content\" id=\"list-icon-wrap-2902\">\n<div class=\"uavc-list-icon  \" data-animation=\"\" data-animation-delay=\"03\" style=\"margin-right:5px;\"><div class=\"ult-just-icon-wrapper  \"><div class=\"align-icon\" style=\"text-align:center;\">\n<div class=\"aio-icon none \"  style=\"color:#de0202;font-size:20px;display:inline-block;\">\n\t<i class=\"Defaults-check-circle\"><\/i>\n<\/div><\/div><\/div>\n<\/div><span  data-ultimate-target='#list-icon-wrap-2902 .uavc-list-desc'  data-responsive-json-new='{\"font-size\":\"\",\"line-height\":\"\"}'  class=\"uavc-list-desc ult-responsive\" style=\"\">\n<h4 style=\"text-align: left;\">Selale ziyareti<\/h4>\n<\/span><\/div><\/li><li><div class=\"uavc-list-content\" id=\"list-icon-wrap-6385\">\n<div class=\"uavc-list-icon  \" data-animation=\"\" data-animation-delay=\"03\" style=\"margin-right:5px;\"><div class=\"ult-just-icon-wrapper  \"><div class=\"align-icon\" style=\"text-align:center;\">\n<div class=\"aio-icon none \"  style=\"color:#de0202;font-size:20px;display:inline-block;\">\n\t<i class=\"Defaults-check-circle\"><\/i>\n<\/div><\/div><\/div>\n<\/div><span  data-ultimate-target='#list-icon-wrap-6385 .uavc-list-desc'  data-responsive-json-new='{\"font-size\":\"\",\"line-height\":\"\"}'  class=\"uavc-list-desc ult-responsive\" style=\"\">\n<h4 style=\"text-align: left;\">Rappeling tecrubesi<\/h4>\n<\/span><\/div><\/li><li><div class=\"uavc-list-content\" id=\"list-icon-wrap-9598\">\n<div class=\"uavc-list-icon  \" data-animation=\"\" data-animation-delay=\"03\" style=\"margin-right:5px;\"><div class=\"ult-just-icon-wrapper  \"><div class=\"align-icon\" style=\"text-align:center;\">\n<div class=\"aio-icon none \"  style=\"color:#de0202;font-size:20px;display:inline-block;\">\n\t<i class=\"Defaults-check-circle\"><\/i>\n<\/div><\/div><\/div>\n<\/div><span  data-ultimate-target='#list-icon-wrap-9598 .uavc-list-desc'  data-responsive-json-new='{\"font-size\":\"\",\"line-height\":\"\"}'  class=\"uavc-list-desc ult-responsive\" style=\"\">\n<h4 style=\"text-align: left;\">Magara ziyareti<\/h4>\n<\/span><\/div><\/li><\/ul><\/div><div class=\"wpb_text_column \"><div class=\"wpb_wrapper\"><strong><span data-mce-mark=\"1\">Baslama noktasi<\/span><\/strong><span data-mce-mark=\"1\"><strong>:<\/strong> Karlovasi Port<\/span><br \/>\n<strong><span data-mce-mark=\"1\">Baslama saati<\/span><\/strong><span data-mce-mark=\"1\"><strong>:<\/strong> 09:00<\/span><br \/>\n<strong><span data-mce-mark=\"1\">Toplam sure<\/span><\/strong><span data-mce-mark=\"1\"><strong>:<\/strong> 5 saat<\/span><br \/>\n<strong><span data-mce-mark=\"1\">Aktivite suresi<\/span><\/strong><span data-mce-mark=\"1\"><strong>: <\/strong>3 saat 30\u2019<strong><br \/>\n<\/strong><\/span><strong><span data-mce-mark=\"1\">Zorluk derecesi<\/span><\/strong><span data-mce-mark=\"1\"><strong>:<\/strong> Kolay\u00a0<\/span><br \/>\n<span data-mce-mark=\"1\"><strong>En az katilimci sayisi:<\/strong> 3<\/span><\/p>\n<p><strong><span data-mce-mark=\"1\">Guzergah aciklamasi<\/span><span data-mce-mark=\"1\">:<\/span><\/strong><\/p>\n<p style=\"text-align: justify;\">Eski yerlesim olan Karlovasi,ye dogru taslarla donsenmis yollardan yuruyuse basliyoruz. Ilk duragimiz Geleneksel yerlesim olan Karlovasi (eski kasaba olan kisim), burada kusbakisi fotograf cekme imkanimiz olacak. Daha sonra Agios Antonios magarasina dogru yuruyoruz ve magaranin icinde bulunan kucuk kiliseyi ziyaret ediyoruz. Sonraki adimda, cesaret edebilen katilimcilar yolu kisaltmak icin 20m asagida olan Venedik Kalesi\u2019ne ip ile inebilirler, katilmayanlar ise yuruyerek Kale,ye varabilir. Kale\u2019ye vardiktan sonra Bizans Kilisesi olan Metamorfosi\u2019ye ugruyoruz. Boylece Potami ve Selalerin serinletici deneyimini sonlandirarak geri donus icin yola cikiyoruz.<br \/>\n<em>* tum katilimcilarin yaralanmalari onlemek icin yuruyus ayakkabisi giymelerini oneriyoruz.<\/em><br \/>\n<em> ** Selalerde yuzmek icin mayo-bikini getirmenizi oneririz.<\/em><\/p>\n<h5 style=\"text-align: center;\"><em><strong>Rezervasyonlar, turdan en az 12 saat \u00f6nce, sales@quantum-travel.com.gr adresine e-posta ile yap\u0131lmal\u0131d\u0131r.<\/strong><\/em><\/h5>\n<\/div> <\/div> [vc_empty_space height=&#8221;20px&#8221;]<div class=\"g-cols wpb_row offset_small vc_inner \"><div class=\"vc_col-sm-3 wpb_column vc_column_container\"><div class=\"vc_column-inner\"><div class=\"wpb_text_column  vc_custom_1497460778183\"><div class=\"wpb_wrapper\">\n<h5 style=\"text-align: left;\"><strong>TARIHLER<\/strong><\/h5>\n<blockquote><p>Her Persembe<\/p>\n<p>Esnek Gunler<\/p><\/blockquote>\n<h5 style=\"text-align: left;\"><strong>Ucret \u00a0: 35\u00a0\u20ac<\/strong><\/h5>\n<ul>\n<li><span style=\"line-height: 1.5;\">Rehberlik Hizmeti\u00a0<\/span><\/li>\n<li><span style=\"line-height: 1.5;\">Atistirmalik<\/span><\/li>\n<li>Tum gerekli arac-gerecler<\/li>\n<\/ul>\n<\/div> <\/div> <\/div><\/div><div class=\"vc_col-sm-3 wpb_column vc_column_container vc_col-has-fill  vc_custom_1470223015372\"><div class=\"vc_column-inner\"><div class=\"wpb_text_column  vc_custom_1497460817092\"><div class=\"wpb_wrapper\">\n<h5 style=\"text-align: left;\"><strong>SECENEKLER<\/strong><\/h5>\n<blockquote><p>Otel\u2019den alis (+25\u20ac)<\/p>\n<p>\u00d6zel Tur ve gruplar i\u00e7in l\u00fctfen bizimle ileti\u015fime ge\u00e7iniz.<\/p><\/blockquote>\n<\/div> <\/div> <\/div><\/div><\/div><\/div><\/div><\/div><\/div><\/section>\n","protected":false},"excerpt":{"rendered":"[vc_custom_heading text=\"Nehir yuruyusu, magara &amp; rappelling\" font_container=\"tag:h2|text_align:center|color:%23de0202\" use_theme_fonts=\"yes\"] Selale ziyareti Rappeling tecrubesi Magara ziyareti Baslama noktasi: Karlovasi Port Baslama saati: 09:00 Toplam sure: 5 saat Aktivite suresi: 3 saat 30\u2019...","protected":false},"author":1,"featured_media":0,"parent":6697,"menu_order":0,"comment_status":"closed","ping_status":"closed","template":"","meta":{"_monsterinsights_skip_tracking":false,"_monsterinsights_sitenote_active":false,"_monsterinsights_sitenote_note":"","_monsterinsights_sitenote_category":0,"footnotes":""},"class_list":["post-6755","page","type-page","status-publish","hentry"],"_links":{"self":[{"href":"https:\/\/www.quantum-travel.com.gr\/tr\/wp-json\/wp\/v2\/pages\/6755","targetHints":{"allow":["GET"]}}],"collection":[{"href":"https:\/\/www.quantum-travel.com.gr\/tr\/wp-json\/wp\/v2\/pages"}],"about":[{"href":"https:\/\/www.quantum-travel.com.gr\/tr\/wp-json\/wp\/v2\/types\/page"}],"author":[{"embeddable":true,"href":"https:\/\/www.quantum-travel.com.gr\/tr\/wp-json\/wp\/v2\/users\/1"}],"replies":[{"embeddable":true,"href":"https:\/\/www.quantum-travel.com.gr\/tr\/wp-json\/wp\/v2\/comments?post=6755"}],"version-history":[{"count":3,"href":"https:\/\/www.quantum-travel.com.gr\/tr\/wp-json\/wp\/v2\/pages\/6755\/revisions"}],"predecessor-version":[{"id":6759,"href":"https:\/\/www.quantum-travel.com.gr\/tr\/wp-json\/wp\/v2\/pages\/6755\/revisions\/6759"}],"up":[{"embeddable":true,"href":"https:\/\/www.quantum-travel.com.gr\/tr\/wp-json\/wp\/v2\/pages\/6697"}],"wp:attachment":[{"href":"https:\/\/www.quantum-travel.com.gr\/tr\/wp-json\/wp\/v2\/media?parent=6755"}],"curies":[{"name":"wp","href":"https:\/\/api.w.org\/{rel}","templated":true}]}}