{"id":6724,"date":"2016-08-03T16:12:46","date_gmt":"2016-08-03T16:12:46","guid":{"rendered":"http:\/\/www.manos-travel.com\/samos-gunluk-turlar\/coastline-hiking-day\/"},"modified":"2017-06-14T09:54:34","modified_gmt":"2017-06-14T09:54:34","slug":"sahil-boyu-yuruyus-gunu","status":"publish","type":"page","link":"https:\/\/www.quantum-travel.com.gr\/tr\/samos-gunluk-turlar\/sahil-boyu-yuruyus-gunu\/","title":{"rendered":"Sahil Boyu Yuruyus Gunu"},"content":{"rendered":"<section class=\"l-section wpb_row height_medium\"><div class=\"l-section-h i-cf\"><div class=\"g-cols offset_small\"><div class=\"vc_col-sm-12 wpb_column vc_column_container\"><div class=\"vc_column-inner\">[vc_custom_heading text=&#8221;Seytan Plajina Yuruyus&#8221; font_container=&#8221;tag:h2|text_align:center|color:%23de0202&#8243; use_theme_fonts=&#8221;yes&#8221;]<div class=\"w-separator type_short size_medium thick_2 style_solid color_primary cont_none\"><span class=\"w-separator-h\"><\/span><\/div><div class=\"uavc-list-icon uavc-list-icon-wrapper ult-adjust-bottom-margin   \"><ul class=\"uavc-list\"><li><div class=\"uavc-list-content\" id=\"list-icon-wrap-8668\">\n<div class=\"uavc-list-icon  \" data-animation=\"\" data-animation-delay=\"03\" style=\"margin-right:5px;\"><div class=\"ult-just-icon-wrapper  \"><div class=\"align-icon\" style=\"text-align:center;\">\n<div class=\"aio-icon none \"  style=\"color:#de0202;font-size:20px;display:inline-block;\">\n\t<i class=\"Defaults-check-circle\"><\/i>\n<\/div><\/div><\/div>\n<\/div><span  data-ultimate-target='#list-icon-wrap-8668 .uavc-list-desc'  data-responsive-json-new='{\"font-size\":\"\",\"line-height\":\"\"}'  class=\"uavc-list-desc ult-responsive\" style=\"\">\n<h4 style=\"text-align: left;\">Tenha plajlara sadece y\u00fcr\u00fcyerek eri\u015filebilir<\/h4>\n<\/span><\/div><\/li><\/ul><\/div><div class=\"wpb_text_column \"><div class=\"wpb_wrapper\"><strong><span data-mce-mark=\"1\">Baslama noktasi<\/span><\/strong><span data-mce-mark=\"1\"><strong>:<\/strong> Karlovasi Port<\/span><br \/>\n<strong><span data-mce-mark=\"1\">Baslama saati<\/span><\/strong><span data-mce-mark=\"1\"><strong>:<\/strong> 08:15<\/span><br \/>\n<strong><span data-mce-mark=\"1\">Toplam sure<\/span><\/strong><span data-mce-mark=\"1\"><strong>:<\/strong> 8 saat<\/span><br \/>\n<strong><span data-mce-mark=\"1\">Aktivite suresi<\/span><\/strong><span data-mce-mark=\"1\"><strong>: <\/strong>3h45\u2019 (Drakei +2 saat)<strong><br \/>\n<\/strong><\/span><strong><span data-mce-mark=\"1\">Zorluk derecesi<\/span><\/strong><span data-mce-mark=\"1\"><strong>:<\/strong> Kolay (Drakei Moderate)<\/span><br \/>\n<span data-mce-mark=\"1\"><strong>En az katilimci sayisi:<\/strong>\u00a02<\/span><\/p>\n<p><strong><span data-mce-mark=\"1\">Guzergah aciklamasi<\/span><span data-mce-mark=\"1\">:<\/span><\/strong><\/p>\n<p style=\"text-align: justify;\">Natura 2000 ekolojik koruma alani icinde Karlovasi\u2019den Drakei koyune dogru sahil yolundan yurunuyor , ayrica yolumuzun uzerinde bircok yoresel ot toplama imkanimiz olacak. Vadinin cikisini kesfettikten sonra burada yuzebilecegimiz ilk durak Kucuk Seytan Plaji. Daha sonra Buyuk Seytan Plajina dogru yola devam ediyoruz. Burada grup bolunebilir, bir kisim Drakei Koyu\u2019ne dogru yurumeye devam ederken diger grup kumlu plajin keyfini cikarabilir. Grup tekrar Buyuk Seytan plajin\u2019da birleserek donus icin hareket edilir.<br \/>\n<em>* tum katilimcilarin yaralanmalari onlemek icin yuruyus ayakkabisi giymelerini oneriyoruz.<\/em><\/p>\n<h5 style=\"text-align: center;\"><em><strong>Rezervasyonlar, turdan en az 12 saat \u00f6nce, sales@quantum-travel.com.gr adresine e-posta ile yap\u0131lmal\u0131d\u0131r.<\/strong><\/em><\/h5>\n<\/div> <\/div> [vc_empty_space height=&#8221;20px&#8221;]<div class=\"g-cols wpb_row offset_small vc_inner \"><div class=\"vc_col-sm-3 wpb_column vc_column_container\"><div class=\"vc_column-inner\"><div class=\"wpb_text_column  vc_custom_1497433888598\"><div class=\"wpb_wrapper\">\n<h5 style=\"text-align: left;\"><strong>TARIHLER<\/strong><\/h5>\n<blockquote><p>Her Cumartesi<\/p>\n<p>Flexible Dates<\/p><\/blockquote>\n<h5 style=\"text-align: left;\"><strong>Ucret \u00a0: 35\u00a0\u20ac<\/strong><\/h5>\n<ul>\n<li><span style=\"line-height: 1.5;\">Rehberlik Hizmeti<\/span><\/li>\n<li><span style=\"line-height: 1.5;\">Atistirmalik<\/span><\/li>\n<\/ul>\n<\/div> <\/div> <\/div><\/div><div class=\"vc_col-sm-3 wpb_column vc_column_container vc_col-has-fill  vc_custom_1470223015372\"><div class=\"vc_column-inner\"><div class=\"wpb_text_column  vc_custom_1497433958554\"><div class=\"wpb_wrapper\">\n<h5 style=\"text-align: left;\"><strong>SECENEKLER<\/strong><\/h5>\n<blockquote><p>Otel\u2019den alis (+25\u20ac)<\/p>\n<p>\u00d6zel Tur ve gruplar i\u00e7in l\u00fctfen bizimle ileti\u015fime ge\u00e7iniz.<\/p><\/blockquote>\n<\/div> <\/div> <\/div><\/div><\/div><\/div><\/div><\/div><\/div><\/section>\n","protected":false},"excerpt":{"rendered":"[vc_custom_heading text=\"Seytan Plajina Yuruyus\" font_container=\"tag:h2|text_align:center|color:%23de0202\" use_theme_fonts=\"yes\"] Tenha plajlara sadece y\u00fcr\u00fcyerek eri\u015filebilir Baslama noktasi: Karlovasi Port Baslama saati: 08:15 Toplam sure: 8 saat Aktivite suresi: 3h45\u2019 (Drakei +2 saat) Zorluk derecesi:...","protected":false},"author":1,"featured_media":0,"parent":6697,"menu_order":0,"comment_status":"closed","ping_status":"closed","template":"","meta":{"_monsterinsights_skip_tracking":false,"_monsterinsights_sitenote_active":false,"_monsterinsights_sitenote_note":"","_monsterinsights_sitenote_category":0,"footnotes":""},"class_list":["post-6724","page","type-page","status-publish","hentry"],"_links":{"self":[{"href":"https:\/\/www.quantum-travel.com.gr\/tr\/wp-json\/wp\/v2\/pages\/6724","targetHints":{"allow":["GET"]}}],"collection":[{"href":"https:\/\/www.quantum-travel.com.gr\/tr\/wp-json\/wp\/v2\/pages"}],"about":[{"href":"https:\/\/www.quantum-travel.com.gr\/tr\/wp-json\/wp\/v2\/types\/page"}],"author":[{"embeddable":true,"href":"https:\/\/www.quantum-travel.com.gr\/tr\/wp-json\/wp\/v2\/users\/1"}],"replies":[{"embeddable":true,"href":"https:\/\/www.quantum-travel.com.gr\/tr\/wp-json\/wp\/v2\/comments?post=6724"}],"version-history":[{"count":2,"href":"https:\/\/www.quantum-travel.com.gr\/tr\/wp-json\/wp\/v2\/pages\/6724\/revisions"}],"predecessor-version":[{"id":6726,"href":"https:\/\/www.quantum-travel.com.gr\/tr\/wp-json\/wp\/v2\/pages\/6724\/revisions\/6726"}],"up":[{"embeddable":true,"href":"https:\/\/www.quantum-travel.com.gr\/tr\/wp-json\/wp\/v2\/pages\/6697"}],"wp:attachment":[{"href":"https:\/\/www.quantum-travel.com.gr\/tr\/wp-json\/wp\/v2\/media?parent=6724"}],"curies":[{"name":"wp","href":"https:\/\/api.w.org\/{rel}","templated":true}]}}