{"id":6712,"date":"2016-08-03T11:54:50","date_gmt":"2016-08-03T11:54:50","guid":{"rendered":"http:\/\/www.manos-travel.com\/samos-gunluk-turlar\/cave-of-pythagoras\/"},"modified":"2017-06-14T09:21:53","modified_gmt":"2017-06-14T09:21:53","slug":"pythagorio-magarasi","status":"publish","type":"page","link":"https:\/\/www.quantum-travel.com.gr\/tr\/samos-gunluk-turlar\/pythagorio-magarasi\/","title":{"rendered":"Pythagorio Magarasi"},"content":{"rendered":"<section class=\"l-section wpb_row height_medium\"><div class=\"l-section-h i-cf\"><div class=\"g-cols offset_small\"><div class=\"vc_col-sm-12 wpb_column vc_column_container\"><div class=\"vc_column-inner\">[vc_custom_heading text=&#8221;Pisagor Ma\u011faras\u0131 ziyareti&#8221; font_container=&#8221;tag:h2|text_align:center|color:%23de0202&#8243; use_theme_fonts=&#8221;yes&#8221;]<div class=\"w-separator type_short size_medium thick_2 style_solid color_primary cont_none\"><span class=\"w-separator-h\"><\/span><\/div><div class=\"uavc-list-icon uavc-list-icon-wrapper ult-adjust-bottom-margin   \"><ul class=\"uavc-list\"><li><div class=\"uavc-list-content\" id=\"list-icon-wrap-2152\">\n<div class=\"uavc-list-icon  \" data-animation=\"\" data-animation-delay=\"03\" style=\"margin-right:5px;\"><div class=\"ult-just-icon-wrapper  \"><div class=\"align-icon\" style=\"text-align:center;\">\n<div class=\"aio-icon none \"  style=\"color:#de0202;font-size:20px;display:inline-block;\">\n\t<i class=\"Defaults-check-circle\"><\/i>\n<\/div><\/div><\/div>\n<\/div><span  data-ultimate-target='#list-icon-wrap-2152 .uavc-list-desc'  data-responsive-json-new='{\"font-size\":\"\",\"line-height\":\"\"}'  class=\"uavc-list-desc ult-responsive\" style=\"\">\n<h4 style=\"text-align: left;\">Panoramik manzara<\/h4>\n<\/span><\/div><\/li><li><div class=\"uavc-list-content\" id=\"list-icon-wrap-7901\">\n<div class=\"uavc-list-icon  \" data-animation=\"\" data-animation-delay=\"03\" style=\"margin-right:5px;\"><div class=\"ult-just-icon-wrapper  \"><div class=\"align-icon\" style=\"text-align:center;\">\n<div class=\"aio-icon none \"  style=\"color:#de0202;font-size:20px;display:inline-block;\">\n\t<i class=\"Defaults-check-circle\"><\/i>\n<\/div><\/div><\/div>\n<\/div><span  data-ultimate-target='#list-icon-wrap-7901 .uavc-list-desc'  data-responsive-json-new='{\"font-size\":\"\",\"line-height\":\"\"}'  class=\"uavc-list-desc ult-responsive\" style=\"\">\n<h4 style=\"text-align: left;\">Kolay y\u00fcr\u00fcy\u00fc\u015f<\/h4>\n<\/span><\/div><\/li><\/ul><\/div><div class=\"wpb_text_column \"><div class=\"wpb_wrapper\"><strong><span data-mce-mark=\"1\">Baslama noktasi<\/span><\/strong><span data-mce-mark=\"1\"><strong>:<\/strong> ?<\/span><br \/>\n<strong><span data-mce-mark=\"1\">Baslama saati<\/span><\/strong><span data-mce-mark=\"1\"><strong>:<\/strong> 08:15<\/span><br \/>\n<strong><span data-mce-mark=\"1\">Toplam sure<\/span><\/strong><span data-mce-mark=\"1\"><strong>:<\/strong> 8 hours<\/span><br \/>\n<strong><span data-mce-mark=\"1\">Aktivite suresi<\/span><\/strong><span data-mce-mark=\"1\"><strong>:\u00a0<\/strong>3h45\u2019<strong><br \/>\n<\/strong><\/span><strong><span data-mce-mark=\"1\">Zorluk derecesi<\/span><\/strong><span data-mce-mark=\"1\"><strong>:<\/strong> Kolay<\/span><br \/>\n<span data-mce-mark=\"1\"><strong>En az katilimci sayisi:<\/strong> 2<\/span><\/p>\n<p><strong><span data-mce-mark=\"1\">Denizden yurumeye baslayip,Samos Adasin\u2019da yasamis olan unlu filozof ve mathematikcinin magarasina dogru yurumeye devam ediyoruz.Magara gozlerden uzak ve dagin ust kisminda bulunmakta.eger ki hava musait olursa, Marathokampos ve diger komsu adalari kusbakisi seyredebilirsiniz.<br \/>\n<em>* tum katilimcilarin yaralanmalari onlemek icin yuruyus ayakkabisi giymelerini oneriyoruz.<\/em><\/span><\/strong><\/p>\n<h5 style=\"text-align: center;\"><em><strong>Rezervasyonlar, turdan en az 12 saat \u00f6nce, sales@quantum-travel.com.gr adresine e-posta ile yap\u0131lmal\u0131d\u0131r.<\/strong><\/em><\/h5>\n<\/div> <\/div> [vc_empty_space height=&#8221;20px&#8221;]<div class=\"g-cols wpb_row offset_small vc_inner \"><div class=\"vc_col-sm-3 wpb_column vc_column_container\"><div class=\"vc_column-inner\"><div class=\"wpb_text_column  vc_custom_1497432049143\"><div class=\"wpb_wrapper\">\n<h5 style=\"text-align: left;\"><strong>TARIHLER<\/strong><\/h5>\n<blockquote>\n<p style=\"text-align: left;\">Esnek Gunler<\/p>\n<\/blockquote>\n<h5 style=\"text-align: left;\"><strong>Ucret \u00a0: \u00a035 \u20ac<\/strong><\/h5>\n<ul>\n<li>Rehberlik Hizmeti<\/li>\n<li>Atistirmalik<\/li>\n<\/ul>\n<\/div> <\/div> <\/div><\/div><div class=\"vc_col-sm-3 wpb_column vc_column_container vc_col-has-fill  vc_custom_1470223015372\"><div class=\"vc_column-inner\"><div class=\"wpb_text_column  vc_custom_1497432077434\"><div class=\"wpb_wrapper\">\n<h5 style=\"text-align: left;\"><strong>SECENEKLER<\/strong><\/h5>\n<blockquote><p>\u00d6zel Tur ve gruplar i\u00e7in l\u00fctfen bizimle ileti\u015fime ge\u00e7iniz.<\/p><\/blockquote>\n<\/div> <\/div> <\/div><\/div><\/div><\/div><\/div><\/div><\/div><\/section>\n","protected":false},"excerpt":{"rendered":"[vc_custom_heading text=\"Pisagor Ma\u011faras\u0131 ziyareti\" font_container=\"tag:h2|text_align:center|color:%23de0202\" use_theme_fonts=\"yes\"] Panoramik manzara Kolay y\u00fcr\u00fcy\u00fc\u015f Baslama noktasi: ? Baslama saati: 08:15 Toplam sure: 8 hours Aktivite suresi:\u00a03h45\u2019 Zorluk derecesi: Kolay En az katilimci sayisi: 2...","protected":false},"author":1,"featured_media":0,"parent":6697,"menu_order":0,"comment_status":"closed","ping_status":"closed","template":"","meta":{"_monsterinsights_skip_tracking":false,"_monsterinsights_sitenote_active":false,"_monsterinsights_sitenote_note":"","_monsterinsights_sitenote_category":0,"footnotes":""},"class_list":["post-6712","page","type-page","status-publish","hentry"],"_links":{"self":[{"href":"https:\/\/www.quantum-travel.com.gr\/tr\/wp-json\/wp\/v2\/pages\/6712","targetHints":{"allow":["GET"]}}],"collection":[{"href":"https:\/\/www.quantum-travel.com.gr\/tr\/wp-json\/wp\/v2\/pages"}],"about":[{"href":"https:\/\/www.quantum-travel.com.gr\/tr\/wp-json\/wp\/v2\/types\/page"}],"author":[{"embeddable":true,"href":"https:\/\/www.quantum-travel.com.gr\/tr\/wp-json\/wp\/v2\/users\/1"}],"replies":[{"embeddable":true,"href":"https:\/\/www.quantum-travel.com.gr\/tr\/wp-json\/wp\/v2\/comments?post=6712"}],"version-history":[{"count":2,"href":"https:\/\/www.quantum-travel.com.gr\/tr\/wp-json\/wp\/v2\/pages\/6712\/revisions"}],"predecessor-version":[{"id":6714,"href":"https:\/\/www.quantum-travel.com.gr\/tr\/wp-json\/wp\/v2\/pages\/6712\/revisions\/6714"}],"up":[{"embeddable":true,"href":"https:\/\/www.quantum-travel.com.gr\/tr\/wp-json\/wp\/v2\/pages\/6697"}],"wp:attachment":[{"href":"https:\/\/www.quantum-travel.com.gr\/tr\/wp-json\/wp\/v2\/media?parent=6712"}],"curies":[{"name":"wp","href":"https:\/\/api.w.org\/{rel}","templated":true}]}}