{"id":6704,"date":"2016-08-03T09:40:00","date_gmt":"2016-08-03T09:40:00","guid":{"rendered":"http:\/\/www.manos-travel.com\/samos-gunluk-turlar\/adventure-day\/"},"modified":"2017-06-14T09:06:57","modified_gmt":"2017-06-14T09:06:57","slug":"macera-gunu","status":"publish","type":"page","link":"https:\/\/www.quantum-travel.com.gr\/tr\/samos-gunluk-turlar\/macera-gunu\/","title":{"rendered":"Macera Gunu"},"content":{"rendered":"<section class=\"l-section wpb_row height_medium\"><div class=\"l-section-h i-cf\"><div class=\"g-cols offset_small\"><div class=\"vc_col-sm-12 wpb_column vc_column_container\"><div class=\"vc_column-inner\">[vc_custom_heading text=&#8221;Macera Gunu&#8221; font_container=&#8221;tag:h2|text_align:center|color:%23de0202&#8243; use_theme_fonts=&#8221;yes&#8221;]<div class=\"w-separator type_short size_medium thick_2 style_solid color_primary cont_none\"><span class=\"w-separator-h\"><\/span><\/div><div class=\"uavc-list-icon uavc-list-icon-wrapper ult-adjust-bottom-margin   \"><ul class=\"uavc-list\"><li><div class=\"uavc-list-content\" id=\"list-icon-wrap-6931\">\n<div class=\"uavc-list-icon  \" data-animation=\"\" data-animation-delay=\"03\" style=\"margin-right:5px;\"><div class=\"ult-just-icon-wrapper  \"><div class=\"align-icon\" style=\"text-align:center;\">\n<div class=\"aio-icon none \"  style=\"color:#de0202;font-size:20px;display:inline-block;\">\n\t<i class=\"Defaults-check-circle\"><\/i>\n<\/div><\/div><\/div>\n<\/div><span  data-ultimate-target='#list-icon-wrap-6931 .uavc-list-desc'  data-responsive-json-new='{\"font-size\":\"\",\"line-height\":\"\"}'  class=\"uavc-list-desc ult-responsive\" style=\"\">\n<h4 style=\"text-align: left;\">Doga macerasi<\/h4>\n<\/span><\/div><\/li><\/ul><\/div><div class=\"wpb_text_column \"><div class=\"wpb_wrapper\"><strong><span data-mce-mark=\"1\">Baslama noktasi<\/span><\/strong><span data-mce-mark=\"1\"><strong>:<\/strong> Karlovasi Port<\/span><br \/>\n<strong><span data-mce-mark=\"1\">Baslama saati<\/span><\/strong><span data-mce-mark=\"1\"><strong>:<\/strong> 09:00<\/span><br \/>\n<strong><span data-mce-mark=\"1\">Guzergah<\/span><\/strong><span data-mce-mark=\"1\"><strong>:<\/strong> Potami \u2013 Kucuk Seytan Geciti\u2013 Buyuk Seytan Plaji &#8211; Potami<\/span><br \/>\n<strong><span data-mce-mark=\"1\">Toplam sure<\/span><\/strong><span data-mce-mark=\"1\"><strong>:<\/strong> 7 saat<\/span><br \/>\n<strong><span data-mce-mark=\"1\">Aktivite suresi<\/span><\/strong><span data-mce-mark=\"1\"><strong>:<\/strong> 5 saat<\/span><br \/>\n<strong><span data-mce-mark=\"1\">Zorluk derecesi<\/span><\/strong><span data-mce-mark=\"1\"><strong>:<\/strong> Zor<\/span><br \/>\n<span data-mce-mark=\"1\"><strong>En az katilimci sayisi:<\/strong> 2<\/span><\/p>\n<p><strong><span data-mce-mark=\"1\">Guzergah aciklamasi<\/span><span data-mce-mark=\"1\">:<\/span><\/strong><\/p>\n<p dir=\"ltr\" style=\"text-align: justify;\">Zeytin agaclarinin arasinda yaklasik 45 dakika orman yuruyusunden sonra , Kucuk Seytan Gecitinin girisine ulasiyoruz. Yaz aylarinda genellikle kurak olan kanyondan, gerekli ekipmanlarin yardimi ile asagi dogru inmeye basliyoruz. Yaklasik 5 saat sonunda Kucuk Seytan Plajina varip , denizin ve plajin keyfini cikarabiliriz. Daha sonra Kucuk Seytan plaji ile Potami arasindaki baglanti yolunu kullanarak donus icin yola cikiyoruz.<\/p>\n<h5 style=\"text-align: center;\"><em><strong>Rezervasyonlar, turdan en az 12 saat \u00f6nce, sales@quantum-travel.com.gr adresine e-posta ile yap\u0131lmal\u0131d\u0131r.<\/strong><\/em><\/h5>\n<\/div> <\/div> [vc_empty_space height=&#8221;20px&#8221;]<div class=\"g-cols wpb_row offset_small vc_inner \"><div class=\"vc_col-sm-3 wpb_column vc_column_container\"><div class=\"vc_column-inner\"><div class=\"wpb_text_column  vc_custom_1497431141937\"><div class=\"wpb_wrapper\">\n<h5 style=\"text-align: left;\"><strong>TARIHLER<\/strong><\/h5>\n<blockquote>\n<p style=\"text-align: left;\">Her Carsamba<\/p>\n<\/blockquote>\n<h5 style=\"text-align: left;\"><strong>Ucret \u00a0: \u00a050 \u20ac<\/strong><\/h5>\n<ul>\n<li>Rehberlik Hizmeti<\/li>\n<li>Atistirmalik<\/li>\n<li>Gerekli arac-gerec<\/li>\n<\/ul>\n<\/div> <\/div> <\/div><\/div><div class=\"vc_col-sm-3 wpb_column vc_column_container vc_col-has-fill  vc_custom_1470223015372\"><div class=\"vc_column-inner\"><div class=\"wpb_text_column  vc_custom_1497431181335\"><div class=\"wpb_wrapper\">\n<h5 style=\"text-align: left;\"><strong>SECENEKLER<\/strong><\/h5>\n<blockquote>\n<p style=\"text-align: left;\">Otel\u2019den alis (+25\u20ac)<\/p>\n<p>\u00d6zel Tur ve gruplar i\u00e7in l\u00fctfen bizimle ileti\u015fime ge\u00e7iniz.<\/p><\/blockquote>\n<h5 style=\"text-align: left;\"><\/h5>\n<\/div> <\/div> <\/div><\/div><\/div><\/div><\/div><\/div><\/div><\/section>\n","protected":false},"excerpt":{"rendered":"[vc_custom_heading text=\"Macera Gunu\" font_container=\"tag:h2|text_align:center|color:%23de0202\" use_theme_fonts=\"yes\"] Doga macerasi Baslama noktasi: Karlovasi Port Baslama saati: 09:00 Guzergah: Potami \u2013 Kucuk Seytan Geciti\u2013 Buyuk Seytan Plaji - Potami Toplam sure: 7 saat Aktivite...","protected":false},"author":1,"featured_media":0,"parent":6697,"menu_order":0,"comment_status":"closed","ping_status":"closed","template":"","meta":{"_monsterinsights_skip_tracking":false,"_monsterinsights_sitenote_active":false,"_monsterinsights_sitenote_note":"","_monsterinsights_sitenote_category":0,"footnotes":""},"class_list":["post-6704","page","type-page","status-publish","hentry"],"_links":{"self":[{"href":"https:\/\/www.quantum-travel.com.gr\/tr\/wp-json\/wp\/v2\/pages\/6704","targetHints":{"allow":["GET"]}}],"collection":[{"href":"https:\/\/www.quantum-travel.com.gr\/tr\/wp-json\/wp\/v2\/pages"}],"about":[{"href":"https:\/\/www.quantum-travel.com.gr\/tr\/wp-json\/wp\/v2\/types\/page"}],"author":[{"embeddable":true,"href":"https:\/\/www.quantum-travel.com.gr\/tr\/wp-json\/wp\/v2\/users\/1"}],"replies":[{"embeddable":true,"href":"https:\/\/www.quantum-travel.com.gr\/tr\/wp-json\/wp\/v2\/comments?post=6704"}],"version-history":[{"count":2,"href":"https:\/\/www.quantum-travel.com.gr\/tr\/wp-json\/wp\/v2\/pages\/6704\/revisions"}],"predecessor-version":[{"id":6706,"href":"https:\/\/www.quantum-travel.com.gr\/tr\/wp-json\/wp\/v2\/pages\/6704\/revisions\/6706"}],"up":[{"embeddable":true,"href":"https:\/\/www.quantum-travel.com.gr\/tr\/wp-json\/wp\/v2\/pages\/6697"}],"wp:attachment":[{"href":"https:\/\/www.quantum-travel.com.gr\/tr\/wp-json\/wp\/v2\/media?parent=6704"}],"curies":[{"name":"wp","href":"https:\/\/api.w.org\/{rel}","templated":true}]}}